{"id":106152,"date":"2024-05-28T22:43:26","date_gmt":"2024-05-28T20:43:26","guid":{"rendered":"https:\/\/maisondebacon.fr\/?page_id=106152"},"modified":"2026-03-01T16:16:42","modified_gmt":"2026-03-01T15:16:42","slug":"tradition-bacon","status":"publish","type":"page","link":"https:\/\/maisondebacon.fr\/en\/tradition-bacon\/","title":{"rendered":"Traditional Bacon"},"content":{"rendered":"\t\t<div data-elementor-type=\"wp-page\" data-elementor-id=\"106152\" class=\"elementor elementor-106152\" data-elementor-post-type=\"page\">\n\t\t\t\t<div class=\"elementor-element elementor-element-530363db e-con-full e-flex e-con e-parent\" data-id=\"530363db\" data-element_type=\"container\" data-e-type=\"container\" data-settings=\"{&quot;background_background&quot;:&quot;classic&quot;,&quot;motion_fx_motion_fx_scrolling&quot;:&quot;yes&quot;,&quot;motion_fx_range&quot;:&quot;viewport&quot;,&quot;motion_fx_devices&quot;:[&quot;desktop&quot;,&quot;tablet&quot;,&quot;mobile&quot;]}\">\n\t\t<div class=\"elementor-element elementor-element-5532b889 e-flex e-con-boxed e-con e-child\" data-id=\"5532b889\" data-element_type=\"container\" data-e-type=\"container\" data-settings=\"{&quot;background_background&quot;:&quot;classic&quot;}\">\n\t\t\t\t\t<div class=\"e-con-inner\">\n\t\t\t\t<div class=\"elementor-element elementor-element-5db9c215 elementor-fixed elementor-widget elementor-widget-heading\" data-id=\"5db9c215\" data-element_type=\"widget\" data-e-type=\"widget\" data-settings=\"{&quot;_position&quot;:&quot;fixed&quot;}\" data-widget_type=\"heading.default\">\n\t\t\t\t<div class=\"elementor-widget-container\">\n\t\t\t\t\t<h1 class=\"elementor-heading-title elementor-size-default\">Tradition Bacon<\/h1>\t\t\t\t<\/div>\n\t\t\t\t<\/div>\n\t\t\t\t<div class=\"elementor-element elementor-element-5622a512 elementor-widget elementor-widget-spacer\" data-id=\"5622a512\" data-element_type=\"widget\" data-e-type=\"widget\" data-widget_type=\"spacer.default\">\n\t\t\t\t<div class=\"elementor-widget-container\">\n\t\t\t\t\t\t\t<div class=\"elementor-spacer\">\n\t\t\t<div class=\"elementor-spacer-inner\"><\/div>\n\t\t<\/div>\n\t\t\t\t\t\t<\/div>\n\t\t\t\t<\/div>\n\t\t\t\t<div class=\"elementor-element elementor-element-543c8be0 elementor-align-center elementor-widget__width-inherit elementor-fixed elementor-widget elementor-widget-button\" data-id=\"543c8be0\" data-element_type=\"widget\" data-e-type=\"widget\" data-settings=\"{&quot;_position&quot;:&quot;fixed&quot;}\" data-widget_type=\"button.default\">\n\t\t\t\t<div class=\"elementor-widget-container\">\n\t\t\t\t\t\t\t\t\t<div class=\"elementor-button-wrapper\">\n\t\t\t\t\t<a class=\"elementor-button elementor-button-link elementor-size-sm\" href=\"#\">\n\t\t\t\t\t\t<span class=\"elementor-button-content-wrapper\">\n\t\t\t\t\t\t\t\t\t<span class=\"elementor-button-text\">R\u00e9server<\/span>\n\t\t\t\t\t<\/span>\n\t\t\t\t\t<\/a>\n\t\t\t\t<\/div>\n\t\t\t\t\t\t\t\t<\/div>\n\t\t\t\t<\/div>\n\t\t\t\t\t<\/div>\n\t\t\t\t<\/div>\n\t\t\t\t<\/div>\n\t\t<div class=\"elementor-element elementor-element-7fe37a19 e-flex e-con-boxed e-con e-parent\" data-id=\"7fe37a19\" data-element_type=\"container\" data-e-type=\"container\" data-settings=\"{&quot;background_background&quot;:&quot;classic&quot;}\">\n\t\t\t\t\t<div class=\"e-con-inner\">\n\t\t<div class=\"elementor-element elementor-element-234b7f13 e-flex e-con-boxed e-con e-child\" data-id=\"234b7f13\" data-element_type=\"container\" data-e-type=\"container\">\n\t\t\t\t\t<div class=\"e-con-inner\">\n\t\t\t\t<div class=\"elementor-element elementor-element-29e919aa elementor-widget elementor-widget-image\" data-id=\"29e919aa\" data-element_type=\"widget\" data-e-type=\"widget\" data-widget_type=\"image.default\">\n\t\t\t\t<div class=\"elementor-widget-container\">\n\t\t\t\t\t\t\t\t\t\t\t\t\t\t\t<img fetchpriority=\"high\" decoding=\"async\" width=\"1086\" height=\"1536\" src=\"https:\/\/maisondebacon.fr\/wp-content\/uploads\/2026\/03\/Tradition-Bacon-New-format-definitif-2026_Page_1-1086x1536.jpg\" class=\"attachment-1536x1536 size-1536x1536 wp-image-110196\" alt=\"\" srcset=\"https:\/\/maisondebacon.fr\/wp-content\/uploads\/2026\/03\/Tradition-Bacon-New-format-definitif-2026_Page_1-1086x1536.jpg 1086w, https:\/\/maisondebacon.fr\/wp-content\/uploads\/2026\/03\/Tradition-Bacon-New-format-definitif-2026_Page_1-212x300.jpg 212w, https:\/\/maisondebacon.fr\/wp-content\/uploads\/2026\/03\/Tradition-Bacon-New-format-definitif-2026_Page_1-724x1024.jpg 724w, https:\/\/maisondebacon.fr\/wp-content\/uploads\/2026\/03\/Tradition-Bacon-New-format-definitif-2026_Page_1-768x1086.jpg 768w, https:\/\/maisondebacon.fr\/wp-content\/uploads\/2026\/03\/Tradition-Bacon-New-format-definitif-2026_Page_1-1448x2048.jpg 1448w, https:\/\/maisondebacon.fr\/wp-content\/uploads\/2026\/03\/Tradition-Bacon-New-format-definitif-2026_Page_1-8x12.jpg 8w, https:\/\/maisondebacon.fr\/wp-content\/uploads\/2026\/03\/Tradition-Bacon-New-format-definitif-2026_Page_1-600x848.jpg 600w, https:\/\/maisondebacon.fr\/wp-content\/uploads\/2026\/03\/Tradition-Bacon-New-format-definitif-2026_Page_1.jpg 1654w\" sizes=\"(max-width: 1086px) 100vw, 1086px\" \/>\t\t\t\t\t\t\t\t\t\t\t\t\t\t\t<\/div>\n\t\t\t\t<\/div>\n\t\t\t\t<div class=\"elementor-element elementor-element-2c7b0c61 elementor-widget elementor-widget-image\" data-id=\"2c7b0c61\" data-element_type=\"widget\" data-e-type=\"widget\" data-widget_type=\"image.default\">\n\t\t\t\t<div class=\"elementor-widget-container\">\n\t\t\t\t\t\t\t\t\t\t\t\t\t\t\t<img decoding=\"async\" width=\"1086\" height=\"1536\" src=\"https:\/\/maisondebacon.fr\/wp-content\/uploads\/2026\/03\/Tradition-Bacon-New-format-definitif-2026_Page_2-1086x1536.jpg\" class=\"attachment-1536x1536 size-1536x1536 wp-image-110197\" alt=\"\" srcset=\"https:\/\/maisondebacon.fr\/wp-content\/uploads\/2026\/03\/Tradition-Bacon-New-format-definitif-2026_Page_2-1086x1536.jpg 1086w, https:\/\/maisondebacon.fr\/wp-content\/uploads\/2026\/03\/Tradition-Bacon-New-format-definitif-2026_Page_2-212x300.jpg 212w, https:\/\/maisondebacon.fr\/wp-content\/uploads\/2026\/03\/Tradition-Bacon-New-format-definitif-2026_Page_2-724x1024.jpg 724w, https:\/\/maisondebacon.fr\/wp-content\/uploads\/2026\/03\/Tradition-Bacon-New-format-definitif-2026_Page_2-768x1086.jpg 768w, https:\/\/maisondebacon.fr\/wp-content\/uploads\/2026\/03\/Tradition-Bacon-New-format-definitif-2026_Page_2-1448x2048.jpg 1448w, https:\/\/maisondebacon.fr\/wp-content\/uploads\/2026\/03\/Tradition-Bacon-New-format-definitif-2026_Page_2-8x12.jpg 8w, https:\/\/maisondebacon.fr\/wp-content\/uploads\/2026\/03\/Tradition-Bacon-New-format-definitif-2026_Page_2-600x848.jpg 600w, https:\/\/maisondebacon.fr\/wp-content\/uploads\/2026\/03\/Tradition-Bacon-New-format-definitif-2026_Page_2.jpg 1654w\" sizes=\"(max-width: 1086px) 100vw, 1086px\" \/>\t\t\t\t\t\t\t\t\t\t\t\t\t\t\t<\/div>\n\t\t\t\t<\/div>\n\t\t\t\t<div class=\"elementor-element elementor-element-3a4c2b15 elementor-align-center elementor-widget__width-inherit elementor-widget elementor-widget-button\" data-id=\"3a4c2b15\" data-element_type=\"widget\" data-e-type=\"widget\" data-widget_type=\"button.default\">\n\t\t\t\t<div class=\"elementor-widget-container\">\n\t\t\t\t\t\t\t\t\t<div class=\"elementor-button-wrapper\">\n\t\t\t\t\t<a class=\"elementor-button elementor-button-link elementor-size-sm\" href=\"https:\/\/bookings.zenchef.com\/results?rid=354476&#038;pid=1001\">\n\t\t\t\t\t\t<span class=\"elementor-button-content-wrapper\">\n\t\t\t\t\t\t\t\t\t<span class=\"elementor-button-text\">R\u00e9server<\/span>\n\t\t\t\t\t<\/span>\n\t\t\t\t\t<\/a>\n\t\t\t\t<\/div>\n\t\t\t\t\t\t\t\t<\/div>\n\t\t\t\t<\/div>\n\t\t\t\t\t<\/div>\n\t\t\t\t<\/div>\n\t\t\t\t\t<\/div>\n\t\t\t\t<\/div>\n\t\t<div class=\"elementor-element elementor-element-75c5294c e-flex e-con-boxed e-con e-parent\" data-id=\"75c5294c\" data-element_type=\"container\" data-e-type=\"container\" data-settings=\"{&quot;background_background&quot;:&quot;classic&quot;}\">\n\t\t\t\t\t<div class=\"e-con-inner\">\n\t\t\t\t<div class=\"elementor-element elementor-element-4525470d elementor-align-center elementor-widget__width-inherit elementor-fixed elementor-widget elementor-widget-button\" data-id=\"4525470d\" data-element_type=\"widget\" data-e-type=\"widget\" data-settings=\"{&quot;_position&quot;:&quot;fixed&quot;}\" data-widget_type=\"button.default\">\n\t\t\t\t<div class=\"elementor-widget-container\">\n\t\t\t\t\t\t\t\t\t<div class=\"elementor-button-wrapper\">\n\t\t\t\t\t<a class=\"elementor-button elementor-button-link elementor-size-sm\" href=\"https:\/\/bookings.zenchef.com\/results?rid=354476&#038;pid=1001\">\n\t\t\t\t\t\t<span class=\"elementor-button-content-wrapper\">\n\t\t\t\t\t\t\t\t\t<span class=\"elementor-button-text\">R\u00e9server<\/span>\n\t\t\t\t\t<\/span>\n\t\t\t\t\t<\/a>\n\t\t\t\t<\/div>\n\t\t\t\t\t\t\t\t<\/div>\n\t\t\t\t<\/div>\n\t\t\t\t\t<\/div>\n\t\t\t\t<\/div>\n\t\t<div class=\"elementor-element elementor-element-4bfab2b8 e-con-full e-flex e-con e-parent\" data-id=\"4bfab2b8\" data-element_type=\"container\" data-e-type=\"container\" data-settings=\"{&quot;background_background&quot;:&quot;slideshow&quot;,&quot;background_slideshow_gallery&quot;:[{&quot;id&quot;:105898,&quot;url&quot;:&quot;https:\\\/\\\/maisondebacon.fr\\\/wp-content\\\/uploads\\\/2024\\\/05\\\/PHOTO-2024-04-30-12-17-06-1.jpg&quot;}],&quot;background_slideshow_loop&quot;:&quot;yes&quot;,&quot;background_slideshow_slide_duration&quot;:5000,&quot;background_slideshow_slide_transition&quot;:&quot;fade&quot;,&quot;background_slideshow_transition_duration&quot;:500}\">\n\t\t\t\t<div class=\"elementor-element elementor-element-5a2588ed elementor-widget elementor-widget-spacer\" data-id=\"5a2588ed\" data-element_type=\"widget\" data-e-type=\"widget\" data-widget_type=\"spacer.default\">\n\t\t\t\t<div class=\"elementor-widget-container\">\n\t\t\t\t\t\t\t<div class=\"elementor-spacer\">\n\t\t\t<div class=\"elementor-spacer-inner\"><\/div>\n\t\t<\/div>\n\t\t\t\t\t\t<\/div>\n\t\t\t\t<\/div>\n\t\t\t\t<\/div>\n\t\t\t\t<\/div>\n\t\t","protected":false},"excerpt":{"rendered":"<p>Tradition Bacon R\u00e9server R\u00e9server R\u00e9server<\/p>","protected":false},"author":10,"featured_media":0,"parent":0,"menu_order":0,"comment_status":"closed","ping_status":"closed","template":"elementor_header_footer","meta":{"footnotes":""},"categories":[],"tags":[],"class_list":["post-106152","page","type-page","status-publish","hentry"],"yoast_head":"<!-- This site is optimized with the Yoast SEO plugin v27.3 - https:\/\/yoast.com\/product\/yoast-seo-wordpress\/ -->\n<title>Tradition Bacon - La Maison de Bacon<\/title>\n<meta name=\"robots\" content=\"index, follow, max-snippet:-1, max-image-preview:large, max-video-preview:-1\" \/>\n<link rel=\"canonical\" href=\"https:\/\/maisondebacon.fr\/en\/tradition-bacon\/\" \/>\n<meta property=\"og:locale\" content=\"en_US\" \/>\n<meta property=\"og:type\" content=\"article\" \/>\n<meta property=\"og:title\" content=\"Tradition Bacon - La Maison de Bacon\" \/>\n<meta property=\"og:description\" content=\"Tradition Bacon R\u00e9server R\u00e9server R\u00e9server\" \/>\n<meta property=\"og:url\" content=\"https:\/\/maisondebacon.fr\/en\/tradition-bacon\/\" \/>\n<meta property=\"og:site_name\" content=\"La Maison de Bacon\" \/>\n<meta property=\"article:modified_time\" content=\"2026-03-01T15:16:42+00:00\" \/>\n<meta property=\"og:image\" content=\"https:\/\/maisondebacon.fr\/wp-content\/uploads\/2026\/03\/Tradition-Bacon-New-format-definitif-2026_Page_1-1086x1536.jpg\" \/>\n<meta name=\"twitter:card\" content=\"summary_large_image\" \/>\n<meta name=\"twitter:label1\" content=\"Est. reading time\" \/>\n\t<meta name=\"twitter:data1\" content=\"1 minute\" \/>\n<script type=\"application\/ld+json\" class=\"yoast-schema-graph\">{\"@context\":\"https:\\\/\\\/schema.org\",\"@graph\":[{\"@type\":\"WebPage\",\"@id\":\"https:\\\/\\\/maisondebacon.fr\\\/tradition-bacon\\\/\",\"url\":\"https:\\\/\\\/maisondebacon.fr\\\/tradition-bacon\\\/\",\"name\":\"Tradition Bacon - La Maison de Bacon\",\"isPartOf\":{\"@id\":\"https:\\\/\\\/maisondebacon.fr\\\/#website\"},\"primaryImageOfPage\":{\"@id\":\"https:\\\/\\\/maisondebacon.fr\\\/tradition-bacon\\\/#primaryimage\"},\"image\":{\"@id\":\"https:\\\/\\\/maisondebacon.fr\\\/tradition-bacon\\\/#primaryimage\"},\"thumbnailUrl\":\"https:\\\/\\\/maisondebacon.fr\\\/wp-content\\\/uploads\\\/2026\\\/03\\\/Tradition-Bacon-New-format-definitif-2026_Page_1-1086x1536.jpg\",\"datePublished\":\"2024-05-28T20:43:26+00:00\",\"dateModified\":\"2026-03-01T15:16:42+00:00\",\"breadcrumb\":{\"@id\":\"https:\\\/\\\/maisondebacon.fr\\\/tradition-bacon\\\/#breadcrumb\"},\"inLanguage\":\"en-US\",\"potentialAction\":[{\"@type\":\"ReadAction\",\"target\":[\"https:\\\/\\\/maisondebacon.fr\\\/tradition-bacon\\\/\"]}]},{\"@type\":\"ImageObject\",\"inLanguage\":\"en-US\",\"@id\":\"https:\\\/\\\/maisondebacon.fr\\\/tradition-bacon\\\/#primaryimage\",\"url\":\"https:\\\/\\\/maisondebacon.fr\\\/wp-content\\\/uploads\\\/2026\\\/03\\\/Tradition-Bacon-New-format-definitif-2026_Page_1-1086x1536.jpg\",\"contentUrl\":\"https:\\\/\\\/maisondebacon.fr\\\/wp-content\\\/uploads\\\/2026\\\/03\\\/Tradition-Bacon-New-format-definitif-2026_Page_1-1086x1536.jpg\"},{\"@type\":\"BreadcrumbList\",\"@id\":\"https:\\\/\\\/maisondebacon.fr\\\/tradition-bacon\\\/#breadcrumb\",\"itemListElement\":[{\"@type\":\"ListItem\",\"position\":1,\"name\":\"Accueil\",\"item\":\"https:\\\/\\\/maisondebacon.fr\\\/\"},{\"@type\":\"ListItem\",\"position\":2,\"name\":\"Tradition Bacon\"}]},{\"@type\":\"WebSite\",\"@id\":\"https:\\\/\\\/maisondebacon.fr\\\/#website\",\"url\":\"https:\\\/\\\/maisondebacon.fr\\\/\",\"name\":\"La Maison de Bacon\",\"description\":\"Rendre votre exp\u00e9rience unique\",\"potentialAction\":[{\"@type\":\"SearchAction\",\"target\":{\"@type\":\"EntryPoint\",\"urlTemplate\":\"https:\\\/\\\/maisondebacon.fr\\\/?s={search_term_string}\"},\"query-input\":{\"@type\":\"PropertyValueSpecification\",\"valueRequired\":true,\"valueName\":\"search_term_string\"}}],\"inLanguage\":\"en-US\"}]}<\/script>\n<!-- \/ Yoast SEO plugin. -->","yoast_head_json":{"title":"Tradition Bacon - La Maison de Bacon","robots":{"index":"index","follow":"follow","max-snippet":"max-snippet:-1","max-image-preview":"max-image-preview:large","max-video-preview":"max-video-preview:-1"},"canonical":"https:\/\/maisondebacon.fr\/en\/tradition-bacon\/","og_locale":"en_US","og_type":"article","og_title":"Tradition Bacon - La Maison de Bacon","og_description":"Tradition Bacon R\u00e9server R\u00e9server R\u00e9server","og_url":"https:\/\/maisondebacon.fr\/en\/tradition-bacon\/","og_site_name":"La Maison de Bacon","article_modified_time":"2026-03-01T15:16:42+00:00","og_image":[{"url":"https:\/\/maisondebacon.fr\/wp-content\/uploads\/2026\/03\/Tradition-Bacon-New-format-definitif-2026_Page_1-1086x1536.jpg","type":"","width":"","height":""}],"twitter_card":"summary_large_image","twitter_misc":{"Est. reading time":"1 minute"},"schema":{"@context":"https:\/\/schema.org","@graph":[{"@type":"WebPage","@id":"https:\/\/maisondebacon.fr\/tradition-bacon\/","url":"https:\/\/maisondebacon.fr\/tradition-bacon\/","name":"Tradition Bacon - La Maison de Bacon","isPartOf":{"@id":"https:\/\/maisondebacon.fr\/#website"},"primaryImageOfPage":{"@id":"https:\/\/maisondebacon.fr\/tradition-bacon\/#primaryimage"},"image":{"@id":"https:\/\/maisondebacon.fr\/tradition-bacon\/#primaryimage"},"thumbnailUrl":"https:\/\/maisondebacon.fr\/wp-content\/uploads\/2026\/03\/Tradition-Bacon-New-format-definitif-2026_Page_1-1086x1536.jpg","datePublished":"2024-05-28T20:43:26+00:00","dateModified":"2026-03-01T15:16:42+00:00","breadcrumb":{"@id":"https:\/\/maisondebacon.fr\/tradition-bacon\/#breadcrumb"},"inLanguage":"en-US","potentialAction":[{"@type":"ReadAction","target":["https:\/\/maisondebacon.fr\/tradition-bacon\/"]}]},{"@type":"ImageObject","inLanguage":"en-US","@id":"https:\/\/maisondebacon.fr\/tradition-bacon\/#primaryimage","url":"https:\/\/maisondebacon.fr\/wp-content\/uploads\/2026\/03\/Tradition-Bacon-New-format-definitif-2026_Page_1-1086x1536.jpg","contentUrl":"https:\/\/maisondebacon.fr\/wp-content\/uploads\/2026\/03\/Tradition-Bacon-New-format-definitif-2026_Page_1-1086x1536.jpg"},{"@type":"BreadcrumbList","@id":"https:\/\/maisondebacon.fr\/tradition-bacon\/#breadcrumb","itemListElement":[{"@type":"ListItem","position":1,"name":"Accueil","item":"https:\/\/maisondebacon.fr\/"},{"@type":"ListItem","position":2,"name":"Tradition Bacon"}]},{"@type":"WebSite","@id":"https:\/\/maisondebacon.fr\/#website","url":"https:\/\/maisondebacon.fr\/","name":"Bacon&#039;s House","description":"Rendre votre exp\u00e9rience unique","potentialAction":[{"@type":"SearchAction","target":{"@type":"EntryPoint","urlTemplate":"https:\/\/maisondebacon.fr\/?s={search_term_string}"},"query-input":{"@type":"PropertyValueSpecification","valueRequired":true,"valueName":"search_term_string"}}],"inLanguage":"en-US"}]}},"_links":{"self":[{"href":"https:\/\/maisondebacon.fr\/en\/wp-json\/wp\/v2\/pages\/106152","targetHints":{"allow":["GET"]}}],"collection":[{"href":"https:\/\/maisondebacon.fr\/en\/wp-json\/wp\/v2\/pages"}],"about":[{"href":"https:\/\/maisondebacon.fr\/en\/wp-json\/wp\/v2\/types\/page"}],"author":[{"embeddable":true,"href":"https:\/\/maisondebacon.fr\/en\/wp-json\/wp\/v2\/users\/10"}],"replies":[{"embeddable":true,"href":"https:\/\/maisondebacon.fr\/en\/wp-json\/wp\/v2\/comments?post=106152"}],"version-history":[{"count":8,"href":"https:\/\/maisondebacon.fr\/en\/wp-json\/wp\/v2\/pages\/106152\/revisions"}],"predecessor-version":[{"id":110211,"href":"https:\/\/maisondebacon.fr\/en\/wp-json\/wp\/v2\/pages\/106152\/revisions\/110211"}],"wp:attachment":[{"href":"https:\/\/maisondebacon.fr\/en\/wp-json\/wp\/v2\/media?parent=106152"}],"wp:term":[{"taxonomy":"category","embeddable":true,"href":"https:\/\/maisondebacon.fr\/en\/wp-json\/wp\/v2\/categories?post=106152"},{"taxonomy":"post_tag","embeddable":true,"href":"https:\/\/maisondebacon.fr\/en\/wp-json\/wp\/v2\/tags?post=106152"}],"curies":[{"name":"wp","href":"https:\/\/api.w.org\/{rel}","templated":true}]}}