{"id":108818,"date":"2025-05-10T21:18:55","date_gmt":"2025-05-10T19:18:55","guid":{"rendered":"https:\/\/maisondebacon.fr\/?page_id=108818"},"modified":"2025-06-02T21:33:30","modified_gmt":"2025-06-02T19:33:30","slug":"maison-de-bacon-ds-store-antibes-un-partenariat-dexception","status":"publish","type":"page","link":"https:\/\/maisondebacon.fr\/en\/maison-de-bacon-ds-store-antibes-un-partenariat-dexception\/","title":{"rendered":"MAISON DE BACON &#038; DS STORE ANTIBES : un partenariat d\u2019exception"},"content":{"rendered":"<div data-elementor-type=\"wp-page\" data-elementor-id=\"108818\" class=\"elementor elementor-108818\" data-elementor-post-type=\"page\">\n\t\t\t\t<div class=\"elementor-element elementor-element-30354586 e-con-full e-flex e-con e-parent\" data-id=\"30354586\" data-element_type=\"container\" data-e-type=\"container\" data-settings=\"{&quot;background_background&quot;:&quot;classic&quot;}\">\n\t\t<div class=\"elementor-element elementor-element-15a38e93 e-con-full e-flex e-con e-child\" data-id=\"15a38e93\" data-element_type=\"container\" data-e-type=\"container\">\n\t\t<div class=\"elementor-element elementor-element-aea719d e-con-full e-flex e-con e-child\" data-id=\"aea719d\" data-element_type=\"container\" data-e-type=\"container\">\n\t\t\t\t<div class=\"elementor-element elementor-element-853efde elementor-widget elementor-widget-image\" data-id=\"853efde\" data-element_type=\"widget\" data-e-type=\"widget\" data-widget_type=\"image.default\">\n\t\t\t\t<div class=\"elementor-widget-container\">\n\t\t\t\t\t\t\t\t\t\t\t\t\t\t\t<img fetchpriority=\"high\" decoding=\"async\" width=\"768\" height=\"1024\" src=\"https:\/\/maisondebacon.fr\/wp-content\/uploads\/2025\/06\/IMG-20250507-WA0024-768x1024.jpg\" class=\"attachment-large size-large wp-image-109065\" alt=\"\" srcset=\"https:\/\/maisondebacon.fr\/wp-content\/uploads\/2025\/06\/IMG-20250507-WA0024-768x1024.jpg 768w, https:\/\/maisondebacon.fr\/wp-content\/uploads\/2025\/06\/IMG-20250507-WA0024-225x300.jpg 225w, https:\/\/maisondebacon.fr\/wp-content\/uploads\/2025\/06\/IMG-20250507-WA0024-1152x1536.jpg 1152w, https:\/\/maisondebacon.fr\/wp-content\/uploads\/2025\/06\/IMG-20250507-WA0024-9x12.jpg 9w, https:\/\/maisondebacon.fr\/wp-content\/uploads\/2025\/06\/IMG-20250507-WA0024-600x800.jpg 600w, https:\/\/maisondebacon.fr\/wp-content\/uploads\/2025\/06\/IMG-20250507-WA0024.jpg 1200w\" sizes=\"(max-width: 768px) 100vw, 768px\" \/>\t\t\t\t\t\t\t\t\t\t\t\t\t\t\t<\/div>\n\t\t\t\t<\/div>\n\t\t<div class=\"elementor-element elementor-element-33333dc e-con-full e-flex e-con e-child\" data-id=\"33333dc\" data-element_type=\"container\" data-e-type=\"container\">\n\t\t\t\t<div class=\"elementor-element elementor-element-abf09d8 elementor-widget elementor-widget-heading\" data-id=\"abf09d8\" data-element_type=\"widget\" data-e-type=\"widget\" data-widget_type=\"heading.default\">\n\t\t\t\t<div class=\"elementor-widget-container\">\n\t\t\t\t\t<h2 class=\"elementor-heading-title elementor-size-default\">MAISON DE BACON &amp; DS STORE ANTIBES, Un partenariat d'exception<\/h2>\t\t\t\t<\/div>\n\t\t\t\t<\/div>\n\t\t\t\t<\/div>\n\t\t\t\t<div class=\"elementor-element elementor-element-b6c440b elementor-widget elementor-widget-heading\" data-id=\"b6c440b\" data-element_type=\"widget\" data-e-type=\"widget\" data-widget_type=\"heading.default\">\n\t\t\t\t<div class=\"elementor-widget-container\">\n\t\t\t\t\t<h2 class=\"elementor-heading-title elementor-size-default\">\u00ab Ce partenariat illustre notre volont\u00e9 commune d\u2019offrir une exp\u00e9rience sensorielle inoubliable \u00e0 notre client\u00e8le, o\u00f9 le plaisir de la table rencontre l\u2019excellence technologique \u00bb, d\u00e9clarent les repr\u00e9sentants des deux maisons.<\/h2>\t\t\t\t<\/div>\n\t\t\t\t<\/div>\n\t\t\t\t<\/div>\n\t\t\t\t<div class=\"elementor-element elementor-element-27f3472c elementor-widget elementor-widget-text-editor\" data-id=\"27f3472c\" data-element_type=\"widget\" data-e-type=\"widget\" data-widget_type=\"text-editor.default\">\n\t\t\t\t<div class=\"elementor-widget-container\">\n\t\t\t\t\t\t\t\t\t<p>MAISON DE BACON s\u2019associe \u00e0 DS STORE ANTIBES pour proposer \u00e0 ses visiteurs une exp\u00e9rience unique, o\u00f9 l\u2019excellence de la gastronomie rencontre l\u2019\u00e9l\u00e9gance automobile.<\/p><p>\u00c0 travers ce partenariat, nous partageons une m\u00eame passion pour le luxe, le savoir-faire et le raffinement. Pour symboliser cette alliance, un mod\u00e8le DS7 est expos\u00e9 devant notre \u00e9tablissement, offrant un avant-go\u00fbt du design et de l\u2019innovation de DS Automobiles.<\/p><p>Venez savourer une cuisine m\u00e9diterran\u00e9enne d\u2019exception tout en d\u00e9couvrant l\u2019univers raffin\u00e9 de DS STORE ANTIBES. Entre plaisir des sens et beaut\u00e9 des lignes, une exp\u00e9rience inoubliable vous attend au c\u0153ur du Cap d\u2019Antibes.<\/p>\t\t\t\t\t\t\t\t<\/div>\n\t\t\t\t<\/div>\n\t\t\t\t<\/div>\n\t\t\t\t<\/div>\n\t\t<div class=\"elementor-element elementor-element-d60fdb3 e-flex e-con-boxed e-con e-parent\" data-id=\"d60fdb3\" data-element_type=\"container\" data-e-type=\"container\">\n\t\t\t\t\t<div class=\"e-con-inner\">\n\t\t<div class=\"elementor-element elementor-element-3d4e4bc e-con-full e-flex e-con e-child\" data-id=\"3d4e4bc\" data-element_type=\"container\" data-e-type=\"container\">\n\t\t\t\t<div class=\"elementor-element elementor-element-b6a6f94 elementor-widget elementor-widget-image\" data-id=\"b6a6f94\" data-element_type=\"widget\" data-e-type=\"widget\" data-widget_type=\"image.default\">\n\t\t\t\t<div class=\"elementor-widget-container\">\n\t\t\t\t\t\t\t\t\t\t\t\t\t\t\t<img decoding=\"async\" width=\"150\" height=\"150\" src=\"https:\/\/maisondebacon.fr\/wp-content\/uploads\/2025\/06\/logos-ds-bacon-150x150.png\" class=\"attachment-thumbnail size-thumbnail wp-image-109052\" alt=\"DS ANTIBES &amp; MAISON DE BACON\" srcset=\"https:\/\/maisondebacon.fr\/wp-content\/uploads\/2025\/06\/logos-ds-bacon-150x150.png 150w, https:\/\/maisondebacon.fr\/wp-content\/uploads\/2025\/06\/logos-ds-bacon-300x300.png 300w, https:\/\/maisondebacon.fr\/wp-content\/uploads\/2025\/06\/logos-ds-bacon-100x100.png 100w\" sizes=\"(max-width: 150px) 100vw, 150px\" \/>\t\t\t\t\t\t\t\t\t\t\t\t\t\t\t<\/div>\n\t\t\t\t<\/div>\n\t\t\t\t<\/div>\n\t\t\t\t\t<\/div>\n\t\t\t\t<\/div>\n\t\t\t\t<\/div>","protected":false},"excerpt":{"rendered":"<p>MAISON DE BACON &amp; DS STORE ANTIBES, Un partenariat d&rsquo;exception \u00ab Ce partenariat illustre notre volont\u00e9 commune d\u2019offrir une exp\u00e9rience sensorielle inoubliable \u00e0 notre client\u00e8le, o\u00f9 le plaisir de la table rencontre l\u2019excellence technologique \u00bb, d\u00e9clarent les repr\u00e9sentants des deux [&hellip;]<\/p>\n","protected":false},"author":7,"featured_media":0,"parent":0,"menu_order":0,"comment_status":"closed","ping_status":"closed","template":"elementor_header_footer","meta":{"footnotes":""},"categories":[],"tags":[],"class_list":["post-108818","page","type-page","status-publish","hentry"],"yoast_head":"<!-- This site is optimized with the Yoast SEO plugin v27.3 - https:\/\/yoast.com\/product\/yoast-seo-wordpress\/ -->\n<title>MAISON DE BACON &amp; DS STORE ANTIBES : un partenariat d\u2019exception - La Maison de Bacon<\/title>\n<meta name=\"robots\" content=\"index, follow, max-snippet:-1, max-image-preview:large, max-video-preview:-1\" \/>\n<link rel=\"canonical\" href=\"https:\/\/maisondebacon.fr\/en\/maison-de-bacon-ds-store-antibes-un-partenariat-dexception\/\" \/>\n<meta property=\"og:locale\" content=\"en_US\" \/>\n<meta property=\"og:type\" content=\"article\" \/>\n<meta property=\"og:title\" content=\"MAISON DE BACON &amp; DS STORE ANTIBES : un partenariat d\u2019exception - La Maison de Bacon\" \/>\n<meta property=\"og:description\" content=\"MAISON DE BACON &amp; DS STORE ANTIBES, Un partenariat d&rsquo;exception \u00ab Ce partenariat illustre notre volont\u00e9 commune d\u2019offrir une exp\u00e9rience sensorielle inoubliable \u00e0 notre client\u00e8le, o\u00f9 le plaisir de la table rencontre l\u2019excellence technologique \u00bb, d\u00e9clarent les repr\u00e9sentants des deux [&hellip;]\" \/>\n<meta property=\"og:url\" content=\"https:\/\/maisondebacon.fr\/en\/maison-de-bacon-ds-store-antibes-un-partenariat-dexception\/\" \/>\n<meta property=\"og:site_name\" content=\"La Maison de Bacon\" \/>\n<meta property=\"article:modified_time\" content=\"2025-06-02T19:33:30+00:00\" \/>\n<meta property=\"og:image\" content=\"https:\/\/maisondebacon.fr\/wp-content\/uploads\/2025\/06\/IMG-20250507-WA0024.jpg\" \/>\n\t<meta property=\"og:image:width\" content=\"1200\" \/>\n\t<meta property=\"og:image:height\" content=\"1600\" \/>\n\t<meta property=\"og:image:type\" content=\"image\/jpeg\" \/>\n<meta name=\"twitter:card\" content=\"summary_large_image\" \/>\n<meta name=\"twitter:label1\" content=\"Est. reading time\" \/>\n\t<meta name=\"twitter:data1\" content=\"2 minutes\" \/>\n<script type=\"application\/ld+json\" class=\"yoast-schema-graph\">{\"@context\":\"https:\\\/\\\/schema.org\",\"@graph\":[{\"@type\":\"WebPage\",\"@id\":\"https:\\\/\\\/maisondebacon.fr\\\/maison-de-bacon-ds-store-antibes-un-partenariat-dexception\\\/\",\"url\":\"https:\\\/\\\/maisondebacon.fr\\\/maison-de-bacon-ds-store-antibes-un-partenariat-dexception\\\/\",\"name\":\"MAISON DE BACON & DS STORE ANTIBES : un partenariat d\u2019exception - La Maison de Bacon\",\"isPartOf\":{\"@id\":\"https:\\\/\\\/maisondebacon.fr\\\/#website\"},\"primaryImageOfPage\":{\"@id\":\"https:\\\/\\\/maisondebacon.fr\\\/maison-de-bacon-ds-store-antibes-un-partenariat-dexception\\\/#primaryimage\"},\"image\":{\"@id\":\"https:\\\/\\\/maisondebacon.fr\\\/maison-de-bacon-ds-store-antibes-un-partenariat-dexception\\\/#primaryimage\"},\"thumbnailUrl\":\"https:\\\/\\\/maisondebacon.fr\\\/wp-content\\\/uploads\\\/2025\\\/06\\\/IMG-20250507-WA0024-768x1024.jpg\",\"datePublished\":\"2025-05-10T19:18:55+00:00\",\"dateModified\":\"2025-06-02T19:33:30+00:00\",\"breadcrumb\":{\"@id\":\"https:\\\/\\\/maisondebacon.fr\\\/maison-de-bacon-ds-store-antibes-un-partenariat-dexception\\\/#breadcrumb\"},\"inLanguage\":\"en-US\",\"potentialAction\":[{\"@type\":\"ReadAction\",\"target\":[\"https:\\\/\\\/maisondebacon.fr\\\/maison-de-bacon-ds-store-antibes-un-partenariat-dexception\\\/\"]}]},{\"@type\":\"ImageObject\",\"inLanguage\":\"en-US\",\"@id\":\"https:\\\/\\\/maisondebacon.fr\\\/maison-de-bacon-ds-store-antibes-un-partenariat-dexception\\\/#primaryimage\",\"url\":\"https:\\\/\\\/maisondebacon.fr\\\/wp-content\\\/uploads\\\/2025\\\/06\\\/IMG-20250507-WA0024-768x1024.jpg\",\"contentUrl\":\"https:\\\/\\\/maisondebacon.fr\\\/wp-content\\\/uploads\\\/2025\\\/06\\\/IMG-20250507-WA0024-768x1024.jpg\"},{\"@type\":\"BreadcrumbList\",\"@id\":\"https:\\\/\\\/maisondebacon.fr\\\/maison-de-bacon-ds-store-antibes-un-partenariat-dexception\\\/#breadcrumb\",\"itemListElement\":[{\"@type\":\"ListItem\",\"position\":1,\"name\":\"Accueil\",\"item\":\"https:\\\/\\\/maisondebacon.fr\\\/\"},{\"@type\":\"ListItem\",\"position\":2,\"name\":\"MAISON DE BACON &#038; DS STORE ANTIBES : un partenariat d\u2019exception\"}]},{\"@type\":\"WebSite\",\"@id\":\"https:\\\/\\\/maisondebacon.fr\\\/#website\",\"url\":\"https:\\\/\\\/maisondebacon.fr\\\/\",\"name\":\"La Maison de Bacon\",\"description\":\"Rendre votre exp\u00e9rience unique\",\"potentialAction\":[{\"@type\":\"SearchAction\",\"target\":{\"@type\":\"EntryPoint\",\"urlTemplate\":\"https:\\\/\\\/maisondebacon.fr\\\/?s={search_term_string}\"},\"query-input\":{\"@type\":\"PropertyValueSpecification\",\"valueRequired\":true,\"valueName\":\"search_term_string\"}}],\"inLanguage\":\"en-US\"}]}<\/script>\n<!-- \/ Yoast SEO plugin. -->","yoast_head_json":{"title":"MAISON DE BACON & DS STORE ANTIBES : un partenariat d\u2019exception - La Maison de Bacon","robots":{"index":"index","follow":"follow","max-snippet":"max-snippet:-1","max-image-preview":"max-image-preview:large","max-video-preview":"max-video-preview:-1"},"canonical":"https:\/\/maisondebacon.fr\/en\/maison-de-bacon-ds-store-antibes-un-partenariat-dexception\/","og_locale":"en_US","og_type":"article","og_title":"MAISON DE BACON & DS STORE ANTIBES : un partenariat d\u2019exception - La Maison de Bacon","og_description":"MAISON DE BACON &amp; DS STORE ANTIBES, Un partenariat d&rsquo;exception \u00ab Ce partenariat illustre notre volont\u00e9 commune d\u2019offrir une exp\u00e9rience sensorielle inoubliable \u00e0 notre client\u00e8le, o\u00f9 le plaisir de la table rencontre l\u2019excellence technologique \u00bb, d\u00e9clarent les repr\u00e9sentants des deux [&hellip;]","og_url":"https:\/\/maisondebacon.fr\/en\/maison-de-bacon-ds-store-antibes-un-partenariat-dexception\/","og_site_name":"La Maison de Bacon","article_modified_time":"2025-06-02T19:33:30+00:00","og_image":[{"width":1200,"height":1600,"url":"https:\/\/maisondebacon.fr\/wp-content\/uploads\/2025\/06\/IMG-20250507-WA0024.jpg","type":"image\/jpeg"}],"twitter_card":"summary_large_image","twitter_misc":{"Est. reading time":"2 minutes"},"schema":{"@context":"https:\/\/schema.org","@graph":[{"@type":"WebPage","@id":"https:\/\/maisondebacon.fr\/maison-de-bacon-ds-store-antibes-un-partenariat-dexception\/","url":"https:\/\/maisondebacon.fr\/maison-de-bacon-ds-store-antibes-un-partenariat-dexception\/","name":"MAISON DE BACON & DS STORE ANTIBES : un partenariat d\u2019exception - La Maison de Bacon","isPartOf":{"@id":"https:\/\/maisondebacon.fr\/#website"},"primaryImageOfPage":{"@id":"https:\/\/maisondebacon.fr\/maison-de-bacon-ds-store-antibes-un-partenariat-dexception\/#primaryimage"},"image":{"@id":"https:\/\/maisondebacon.fr\/maison-de-bacon-ds-store-antibes-un-partenariat-dexception\/#primaryimage"},"thumbnailUrl":"https:\/\/maisondebacon.fr\/wp-content\/uploads\/2025\/06\/IMG-20250507-WA0024-768x1024.jpg","datePublished":"2025-05-10T19:18:55+00:00","dateModified":"2025-06-02T19:33:30+00:00","breadcrumb":{"@id":"https:\/\/maisondebacon.fr\/maison-de-bacon-ds-store-antibes-un-partenariat-dexception\/#breadcrumb"},"inLanguage":"en-US","potentialAction":[{"@type":"ReadAction","target":["https:\/\/maisondebacon.fr\/maison-de-bacon-ds-store-antibes-un-partenariat-dexception\/"]}]},{"@type":"ImageObject","inLanguage":"en-US","@id":"https:\/\/maisondebacon.fr\/maison-de-bacon-ds-store-antibes-un-partenariat-dexception\/#primaryimage","url":"https:\/\/maisondebacon.fr\/wp-content\/uploads\/2025\/06\/IMG-20250507-WA0024-768x1024.jpg","contentUrl":"https:\/\/maisondebacon.fr\/wp-content\/uploads\/2025\/06\/IMG-20250507-WA0024-768x1024.jpg"},{"@type":"BreadcrumbList","@id":"https:\/\/maisondebacon.fr\/maison-de-bacon-ds-store-antibes-un-partenariat-dexception\/#breadcrumb","itemListElement":[{"@type":"ListItem","position":1,"name":"Accueil","item":"https:\/\/maisondebacon.fr\/"},{"@type":"ListItem","position":2,"name":"MAISON DE BACON &#038; DS STORE ANTIBES : un partenariat d\u2019exception"}]},{"@type":"WebSite","@id":"https:\/\/maisondebacon.fr\/#website","url":"https:\/\/maisondebacon.fr\/","name":"Bacon&#039;s House","description":"Rendre votre exp\u00e9rience unique","potentialAction":[{"@type":"SearchAction","target":{"@type":"EntryPoint","urlTemplate":"https:\/\/maisondebacon.fr\/?s={search_term_string}"},"query-input":{"@type":"PropertyValueSpecification","valueRequired":true,"valueName":"search_term_string"}}],"inLanguage":"en-US"}]}},"_links":{"self":[{"href":"https:\/\/maisondebacon.fr\/en\/wp-json\/wp\/v2\/pages\/108818","targetHints":{"allow":["GET"]}}],"collection":[{"href":"https:\/\/maisondebacon.fr\/en\/wp-json\/wp\/v2\/pages"}],"about":[{"href":"https:\/\/maisondebacon.fr\/en\/wp-json\/wp\/v2\/types\/page"}],"author":[{"embeddable":true,"href":"https:\/\/maisondebacon.fr\/en\/wp-json\/wp\/v2\/users\/7"}],"replies":[{"embeddable":true,"href":"https:\/\/maisondebacon.fr\/en\/wp-json\/wp\/v2\/comments?post=108818"}],"version-history":[{"count":5,"href":"https:\/\/maisondebacon.fr\/en\/wp-json\/wp\/v2\/pages\/108818\/revisions"}],"predecessor-version":[{"id":110160,"href":"https:\/\/maisondebacon.fr\/en\/wp-json\/wp\/v2\/pages\/108818\/revisions\/110160"}],"wp:attachment":[{"href":"https:\/\/maisondebacon.fr\/en\/wp-json\/wp\/v2\/media?parent=108818"}],"wp:term":[{"taxonomy":"category","embeddable":true,"href":"https:\/\/maisondebacon.fr\/en\/wp-json\/wp\/v2\/categories?post=108818"},{"taxonomy":"post_tag","embeddable":true,"href":"https:\/\/maisondebacon.fr\/en\/wp-json\/wp\/v2\/tags?post=108818"}],"curies":[{"name":"wp","href":"https:\/\/api.w.org\/{rel}","templated":true}]}}