{"id":109140,"date":"2025-06-10T11:48:42","date_gmt":"2025-06-10T09:48:42","guid":{"rendered":"https:\/\/maisondebacon.fr\/?page_id=109140"},"modified":"2025-07-17T18:08:09","modified_gmt":"2025-07-17T16:08:09","slug":"event-2","status":"publish","type":"page","link":"https:\/\/maisondebacon.fr\/en\/event-2\/","title":{"rendered":"Event"},"content":{"rendered":"\t\t<div data-elementor-type=\"wp-page\" data-elementor-id=\"109140\" class=\"elementor elementor-109140\" data-elementor-post-type=\"page\">\n\t\t\t\t<div class=\"elementor-element elementor-element-167c86ed e-con-full e-flex e-con e-parent\" data-id=\"167c86ed\" data-element_type=\"container\" data-e-type=\"container\" data-settings=\"{&quot;background_background&quot;:&quot;video&quot;,&quot;motion_fx_motion_fx_scrolling&quot;:&quot;yes&quot;,&quot;motion_fx_range&quot;:&quot;viewport&quot;,&quot;background_play_on_mobile&quot;:&quot;yes&quot;,&quot;background_video_link&quot;:&quot;https:\\\/\\\/vimeo.com\\\/1095382324&quot;,&quot;motion_fx_devices&quot;:[&quot;desktop&quot;,&quot;tablet&quot;,&quot;mobile&quot;]}\">\n\t\t<div class=\"elementor-background-video-container\">\n\t\t\t\t\t\t\t<div class=\"elementor-background-video-embed\" role=\"presentation\"><\/div>\n\t\t\t\t\t\t<\/div><div class=\"elementor-element elementor-element-57e6219 e-flex e-con-boxed e-con e-child\" data-id=\"57e6219\" data-element_type=\"container\" data-e-type=\"container\" data-settings=\"{&quot;background_background&quot;:&quot;classic&quot;}\">\n\t\t\t\t\t<div class=\"e-con-inner\">\n\t\t\t\t<div class=\"elementor-element elementor-element-11022c82 elementor-widget elementor-widget-heading\" data-id=\"11022c82\" data-element_type=\"widget\" data-e-type=\"widget\" data-widget_type=\"heading.default\">\n\t\t\t\t<div class=\"elementor-widget-container\">\n\t\t\t\t\t<h1 class=\"elementor-heading-title elementor-size-default\">Votre \u00c9v\u00e9nement \u00e0 la Maison de Bacon<\/h1>\t\t\t\t<\/div>\n\t\t\t\t<\/div>\n\t\t\t\t\t<\/div>\n\t\t\t\t<\/div>\n\t\t<div class=\"elementor-element elementor-element-2da504d e-flex e-con-boxed e-con e-child\" data-id=\"2da504d\" data-element_type=\"container\" data-e-type=\"container\">\n\t\t\t\t\t<div class=\"e-con-inner\">\n\t\t\t\t<div class=\"elementor-element elementor-element-70e1573 elementor-widget elementor-widget-html\" data-id=\"70e1573\" data-element_type=\"widget\" data-e-type=\"widget\" data-widget_type=\"html.default\">\n\t\t\t\t<div class=\"elementor-widget-container\">\n\t\t\t\t\t<a href=\"#\" class=\"bs-booking-button\" style=\"\n  display: inline-block;\n  background-color: #B69369;\n  color: white;\n  padding: 14px 32px;\n  font-size: 16px;\n  font-weight: 600;\n  border: none;\n  border-radius: 30px;\n  text-transform: uppercase;\n  text-decoration: none;\n  transition: transform 0.2s ease, box-shadow 0.2s ease;\n\">\n  Je souhaite un devis\n<\/a>\n\t\t\t\t<\/div>\n\t\t\t\t<\/div>\n\t\t\t\t\t<\/div>\n\t\t\t\t<\/div>\n\t\t\t\t<\/div>\n\t\t<div class=\"elementor-element elementor-element-9a745f5 e-flex e-con-boxed e-con e-parent\" data-id=\"9a745f5\" data-element_type=\"container\" data-e-type=\"container\" data-settings=\"{&quot;background_background&quot;:&quot;classic&quot;}\">\n\t\t\t\t\t<div class=\"e-con-inner\">\n\t\t<div class=\"elementor-element elementor-element-409a68d e-con-full e-flex e-con e-child\" data-id=\"409a68d\" data-element_type=\"container\" data-e-type=\"container\">\n\t\t\t\t<div class=\"elementor-element elementor-element-75660f5 elementor-widget elementor-widget-heading\" data-id=\"75660f5\" data-element_type=\"widget\" data-e-type=\"widget\" data-widget_type=\"heading.default\">\n\t\t\t\t<div class=\"elementor-widget-container\">\n\t\t\t\t\t<div class=\"elementor-heading-title elementor-size-default\">Nos Univers<\/div>\t\t\t\t<\/div>\n\t\t\t\t<\/div>\n\t\t\t\t<div class=\"elementor-element elementor-element-9979dd5 elementor-hidden-desktop elementor-hidden-tablet elementor-hidden-mobile elementor-widget elementor-widget-spacer\" data-id=\"9979dd5\" data-element_type=\"widget\" data-e-type=\"widget\" data-widget_type=\"spacer.default\">\n\t\t\t\t<div class=\"elementor-widget-container\">\n\t\t\t\t\t\t\t<div class=\"elementor-spacer\">\n\t\t\t<div class=\"elementor-spacer-inner\"><\/div>\n\t\t<\/div>\n\t\t\t\t\t\t<\/div>\n\t\t\t\t<\/div>\n\t\t\t\t<\/div>\n\t\t<div class=\"elementor-element elementor-element-18afe1e e-con-full e-flex e-con e-child\" data-id=\"18afe1e\" data-element_type=\"container\" data-e-type=\"container\">\n\t\t\t\t<div class=\"elementor-element elementor-element-e78832c elementor-widget elementor-widget-image\" data-id=\"e78832c\" data-element_type=\"widget\" data-e-type=\"widget\" data-widget_type=\"image.default\">\n\t\t\t\t<div class=\"elementor-widget-container\">\n\t\t\t\t\t\t\t\t\t\t\t\t\t\t\t\t<a href=\"https:\/\/maisondebacon.fr\/restaurant-de-bacon\/\">\n\t\t\t\t\t\t\t<img fetchpriority=\"high\" decoding=\"async\" width=\"750\" height=\"1000\" src=\"https:\/\/maisondebacon.fr\/wp-content\/uploads\/2024\/05\/Design-sans-titre-19.png\" class=\"attachment-large size-large wp-image-106097\" alt=\"\" srcset=\"https:\/\/maisondebacon.fr\/wp-content\/uploads\/2024\/05\/Design-sans-titre-19.png 750w, https:\/\/maisondebacon.fr\/wp-content\/uploads\/2024\/05\/Design-sans-titre-19-225x300.png 225w, https:\/\/maisondebacon.fr\/wp-content\/uploads\/2024\/05\/Design-sans-titre-19-9x12.png 9w, https:\/\/maisondebacon.fr\/wp-content\/uploads\/2024\/05\/Design-sans-titre-19-600x800.png 600w\" sizes=\"(max-width: 750px) 100vw, 750px\" \/>\t\t\t\t\t\t\t\t<\/a>\n\t\t\t\t\t\t\t\t\t\t\t\t\t\t\t<\/div>\n\t\t\t\t<\/div>\n\t\t\t\t<div class=\"elementor-element elementor-element-c289027 elementor-widget elementor-widget-heading\" data-id=\"c289027\" data-element_type=\"widget\" data-e-type=\"widget\" data-widget_type=\"heading.default\">\n\t\t\t\t<div class=\"elementor-widget-container\">\n\t\t\t\t\t<h3 class=\"elementor-heading-title elementor-size-default\"><a href=\"https:\/\/maisondebacon.fr\/restaurant-de-bacon\/\">RESTAURANT DE BACON<\/a><\/h3>\t\t\t\t<\/div>\n\t\t\t\t<\/div>\n\t\t\t\t<\/div>\n\t\t<div class=\"elementor-element elementor-element-4243b1a e-con-full e-flex e-con e-child\" data-id=\"4243b1a\" data-element_type=\"container\" data-e-type=\"container\">\n\t\t\t\t<div class=\"elementor-element elementor-element-49e1cea elementor-widget elementor-widget-image\" data-id=\"49e1cea\" data-element_type=\"widget\" data-e-type=\"widget\" data-widget_type=\"image.default\">\n\t\t\t\t<div class=\"elementor-widget-container\">\n\t\t\t\t\t\t\t\t\t\t\t\t\t\t\t\t<a href=\"https:\/\/maisondebacon.fr\/lappartement-de-victor\/\">\n\t\t\t\t\t\t\t<img decoding=\"async\" width=\"750\" height=\"1000\" src=\"https:\/\/maisondebacon.fr\/wp-content\/uploads\/2024\/05\/Design-sans-titre-18.png\" class=\"attachment-large size-large wp-image-106100\" alt=\"\" srcset=\"https:\/\/maisondebacon.fr\/wp-content\/uploads\/2024\/05\/Design-sans-titre-18.png 750w, https:\/\/maisondebacon.fr\/wp-content\/uploads\/2024\/05\/Design-sans-titre-18-225x300.png 225w, https:\/\/maisondebacon.fr\/wp-content\/uploads\/2024\/05\/Design-sans-titre-18-9x12.png 9w, https:\/\/maisondebacon.fr\/wp-content\/uploads\/2024\/05\/Design-sans-titre-18-600x800.png 600w\" sizes=\"(max-width: 750px) 100vw, 750px\" \/>\t\t\t\t\t\t\t\t<\/a>\n\t\t\t\t\t\t\t\t\t\t\t\t\t\t\t<\/div>\n\t\t\t\t<\/div>\n\t\t\t\t<div class=\"elementor-element elementor-element-b992db6 elementor-widget elementor-widget-heading\" data-id=\"b992db6\" data-element_type=\"widget\" data-e-type=\"widget\" data-widget_type=\"heading.default\">\n\t\t\t\t<div class=\"elementor-widget-container\">\n\t\t\t\t\t<h3 class=\"elementor-heading-title elementor-size-default\"><a href=\"https:\/\/maisondebacon.fr\/lappartement-de-victor\/\">L'APPARTEMENT DE VICTOR<\/a><\/h3>\t\t\t\t<\/div>\n\t\t\t\t<\/div>\n\t\t\t\t<\/div>\n\t\t<div class=\"elementor-element elementor-element-e514f66 e-con-full e-flex e-con e-child\" data-id=\"e514f66\" data-element_type=\"container\" data-e-type=\"container\">\n\t\t\t\t<div class=\"elementor-element elementor-element-5d698f8 elementor-widget elementor-widget-image\" data-id=\"5d698f8\" data-element_type=\"widget\" data-e-type=\"widget\" data-widget_type=\"image.default\">\n\t\t\t\t<div class=\"elementor-widget-container\">\n\t\t\t\t\t\t\t\t\t\t\t\t\t\t\t\t<a href=\"https:\/\/maisondebacon.fr\/le-rooftop-club-bacon\/\">\n\t\t\t\t\t\t\t<img decoding=\"async\" width=\"750\" height=\"1000\" src=\"https:\/\/maisondebacon.fr\/wp-content\/uploads\/2024\/05\/Design-sans-titre-16.png\" class=\"attachment-large size-large wp-image-106101\" alt=\"\" srcset=\"https:\/\/maisondebacon.fr\/wp-content\/uploads\/2024\/05\/Design-sans-titre-16.png 750w, https:\/\/maisondebacon.fr\/wp-content\/uploads\/2024\/05\/Design-sans-titre-16-225x300.png 225w, https:\/\/maisondebacon.fr\/wp-content\/uploads\/2024\/05\/Design-sans-titre-16-9x12.png 9w, https:\/\/maisondebacon.fr\/wp-content\/uploads\/2024\/05\/Design-sans-titre-16-600x800.png 600w\" sizes=\"(max-width: 750px) 100vw, 750px\" \/>\t\t\t\t\t\t\t\t<\/a>\n\t\t\t\t\t\t\t\t\t\t\t\t\t\t\t<\/div>\n\t\t\t\t<\/div>\n\t\t\t\t<div class=\"elementor-element elementor-element-0a1c516 elementor-widget elementor-widget-heading\" data-id=\"0a1c516\" data-element_type=\"widget\" data-e-type=\"widget\" data-widget_type=\"heading.default\">\n\t\t\t\t<div class=\"elementor-widget-container\">\n\t\t\t\t\t<h3 class=\"elementor-heading-title elementor-size-default\"><a href=\"https:\/\/maisondebacon.fr\/le-rooftop-club-bacon\/\">ROOF TOP CLUB BACON<\/a><\/h3>\t\t\t\t<\/div>\n\t\t\t\t<\/div>\n\t\t\t\t<\/div>\n\t\t<div class=\"elementor-element elementor-element-83008ea e-con-full e-flex e-con e-child\" data-id=\"83008ea\" data-element_type=\"container\" data-e-type=\"container\">\n\t\t\t\t<div class=\"elementor-element elementor-element-c81f2ed elementor-widget elementor-widget-image\" data-id=\"c81f2ed\" data-element_type=\"widget\" data-e-type=\"widget\" data-widget_type=\"image.default\">\n\t\t\t\t<div class=\"elementor-widget-container\">\n\t\t\t\t\t\t\t\t\t\t\t\t\t\t\t\t<a href=\"https:\/\/maisondebacon.fr\/villa-les-roches-de-bacon\/\">\n\t\t\t\t\t\t\t<img loading=\"lazy\" decoding=\"async\" width=\"750\" height=\"1000\" src=\"https:\/\/maisondebacon.fr\/wp-content\/uploads\/2025\/06\/Villa.png\" class=\"attachment-large size-large wp-image-109035\" alt=\"\" srcset=\"https:\/\/maisondebacon.fr\/wp-content\/uploads\/2025\/06\/Villa.png 750w, https:\/\/maisondebacon.fr\/wp-content\/uploads\/2025\/06\/Villa-225x300.png 225w, https:\/\/maisondebacon.fr\/wp-content\/uploads\/2025\/06\/Villa-9x12.png 9w, https:\/\/maisondebacon.fr\/wp-content\/uploads\/2025\/06\/Villa-600x800.png 600w\" sizes=\"(max-width: 750px) 100vw, 750px\" \/>\t\t\t\t\t\t\t\t<\/a>\n\t\t\t\t\t\t\t\t\t\t\t\t\t\t\t<\/div>\n\t\t\t\t<\/div>\n\t\t\t\t<div class=\"elementor-element elementor-element-e779495 elementor-widget elementor-widget-heading\" data-id=\"e779495\" data-element_type=\"widget\" data-e-type=\"widget\" data-widget_type=\"heading.default\">\n\t\t\t\t<div class=\"elementor-widget-container\">\n\t\t\t\t\t<h3 class=\"elementor-heading-title elementor-size-default\"><a href=\"https:\/\/maisondebacon.fr\/villa-les-roches-de-bacon\/\">VILLA LES ROCHES DE BACON<\/a><\/h3>\t\t\t\t<\/div>\n\t\t\t\t<\/div>\n\t\t\t\t<\/div>\n\t\t\t\t\t<\/div>\n\t\t\t\t<\/div>\n\t\t<div class=\"elementor-element elementor-element-ac96c4f e-flex e-con-boxed e-con e-parent\" data-id=\"ac96c4f\" data-element_type=\"container\" data-e-type=\"container\">\n\t\t\t\t\t<div class=\"e-con-inner\">\n\t\t\t\t<div class=\"elementor-element elementor-element-f774796 elementor-widget elementor-widget-heading\" data-id=\"f774796\" data-element_type=\"widget\" data-e-type=\"widget\" data-widget_type=\"heading.default\">\n\t\t\t\t<div class=\"elementor-widget-container\">\n\t\t\t\t\t<h3 class=\"elementor-heading-title elementor-size-default\">Organisez votre \u00e9v\u00e9nement dans un cadre d'exception<\/h3>\t\t\t\t<\/div>\n\t\t\t\t<\/div>\n\t\t\t\t<div class=\"elementor-element elementor-element-69394d3 elementor-widget elementor-widget-text-editor\" data-id=\"69394d3\" data-element_type=\"widget\" data-e-type=\"widget\" data-widget_type=\"text-editor.default\">\n\t\t\t\t<div class=\"elementor-widget-container\">\n\t\t\t\t\t\t\t\t\t<p>Vous r\u00eavez d\u2019un \u00e9v\u00e9nement inoubliable face \u00e0 la mer, dans un lieu charg\u00e9 d\u2019histoire et de raffinement ?<\/p><p>La Maison de Bacon vous ouvre ses portes pour donner vie \u00e0 vos plus belles r\u00e9ceptions.<\/p><p>Mariages, anniversaires, d\u00eeners priv\u00e9s, soir\u00e9es d\u2019entreprise, lancements de produit\u2026<\/p><p>Nos espaces modulables \u2013 Restaurant, Rooftop avec vue panoramique, L&rsquo;Appartement de Victor, ou la Villa les Roches de Bacon, s\u2019adaptent \u00e0 toutes vos envies.<\/p><p>Notre \u00e9quipe d\u00e9di\u00e9e vous accompagne \u00e0 chaque \u00e9tape : de la conception \u00e0 la r\u00e9alisation de votre \u00e9v\u00e9nement sur-mesure, avec un service irr\u00e9prochable et une gastronomie d\u2019excellence.<\/p>\t\t\t\t\t\t\t\t<\/div>\n\t\t\t\t<\/div>\n\t\t\t\t<div class=\"elementor-element elementor-element-35e677b elementor-widget elementor-widget-html\" data-id=\"35e677b\" data-element_type=\"widget\" data-e-type=\"widget\" data-widget_type=\"html.default\">\n\t\t\t\t<div class=\"elementor-widget-container\">\n\t\t\t\t\t<a href=\"#\" class=\"bs-booking-button\" style=\"\n  display: inline-block;\n  background-color: #B69369;\n  color: white;\n  padding: 14px 32px;\n  font-size: 16px;\n  font-weight: 600;\n  border: none;\n  border-radius: 30px;\n  text-transform: uppercase;\n  text-decoration: none;\n  transition: transform 0.2s ease, box-shadow 0.2s ease;\n\">\n Demandez votre devis personnalis\u00e9\n<\/a>\n\t\t\t\t<\/div>\n\t\t\t\t<\/div>\n\t\t\t\t\t<\/div>\n\t\t\t\t<\/div>\n\t\t\t\t<\/div>\n\t\t","protected":false},"excerpt":{"rendered":"<p>Votre \u00c9v\u00e9nement \u00e0 la Maison de Bacon Je souhaite un devis Nos Univers RESTAURANT DE BACON L&rsquo;APPARTEMENT DE VICTOR ROOF TOP CLUB BACON VILLA LES ROCHES DE BACON Organisez votre \u00e9v\u00e9nement dans un cadre d&rsquo;exception Vous r\u00eavez d\u2019un \u00e9v\u00e9nement inoubliable [&hellip;]<\/p>\n","protected":false},"author":1,"featured_media":0,"parent":0,"menu_order":0,"comment_status":"closed","ping_status":"closed","template":"elementor_header_footer","meta":{"footnotes":""},"categories":[],"tags":[],"class_list":["post-109140","page","type-page","status-publish","hentry"],"yoast_head":"<!-- This site is optimized with the Yoast SEO plugin v27.3 - https:\/\/yoast.com\/product\/yoast-seo-wordpress\/ -->\n<title>Event - La Maison de Bacon<\/title>\n<meta name=\"robots\" content=\"index, follow, max-snippet:-1, max-image-preview:large, max-video-preview:-1\" \/>\n<link rel=\"canonical\" href=\"https:\/\/maisondebacon.fr\/en\/event-2\/\" \/>\n<meta property=\"og:locale\" content=\"en_US\" \/>\n<meta property=\"og:type\" content=\"article\" \/>\n<meta property=\"og:title\" content=\"Event - La Maison de Bacon\" \/>\n<meta property=\"og:description\" content=\"Votre \u00c9v\u00e9nement \u00e0 la Maison de Bacon Je souhaite un devis Nos Univers RESTAURANT DE BACON L&rsquo;APPARTEMENT DE VICTOR ROOF TOP CLUB BACON VILLA LES ROCHES DE BACON Organisez votre \u00e9v\u00e9nement dans un cadre d&rsquo;exception Vous r\u00eavez d\u2019un \u00e9v\u00e9nement inoubliable [&hellip;]\" \/>\n<meta property=\"og:url\" content=\"https:\/\/maisondebacon.fr\/en\/event-2\/\" \/>\n<meta property=\"og:site_name\" content=\"La Maison de Bacon\" \/>\n<meta property=\"article:modified_time\" content=\"2025-07-17T16:08:09+00:00\" \/>\n<meta property=\"og:image\" content=\"https:\/\/maisondebacon.fr\/wp-content\/uploads\/2024\/05\/Design-sans-titre-19.png\" \/>\n\t<meta property=\"og:image:width\" content=\"750\" \/>\n\t<meta property=\"og:image:height\" content=\"1000\" \/>\n\t<meta property=\"og:image:type\" content=\"image\/png\" \/>\n<meta name=\"twitter:card\" content=\"summary_large_image\" \/>\n<meta name=\"twitter:label1\" content=\"Est. reading time\" \/>\n\t<meta name=\"twitter:data1\" content=\"2 minutes\" \/>\n<script type=\"application\/ld+json\" class=\"yoast-schema-graph\">{\"@context\":\"https:\\\/\\\/schema.org\",\"@graph\":[{\"@type\":\"WebPage\",\"@id\":\"https:\\\/\\\/maisondebacon.fr\\\/event-2\\\/\",\"url\":\"https:\\\/\\\/maisondebacon.fr\\\/event-2\\\/\",\"name\":\"Event - La Maison de Bacon\",\"isPartOf\":{\"@id\":\"https:\\\/\\\/maisondebacon.fr\\\/#website\"},\"primaryImageOfPage\":{\"@id\":\"https:\\\/\\\/maisondebacon.fr\\\/event-2\\\/#primaryimage\"},\"image\":{\"@id\":\"https:\\\/\\\/maisondebacon.fr\\\/event-2\\\/#primaryimage\"},\"thumbnailUrl\":\"https:\\\/\\\/maisondebacon.fr\\\/wp-content\\\/uploads\\\/2024\\\/05\\\/Design-sans-titre-19.png\",\"datePublished\":\"2025-06-10T09:48:42+00:00\",\"dateModified\":\"2025-07-17T16:08:09+00:00\",\"breadcrumb\":{\"@id\":\"https:\\\/\\\/maisondebacon.fr\\\/event-2\\\/#breadcrumb\"},\"inLanguage\":\"en-US\",\"potentialAction\":[{\"@type\":\"ReadAction\",\"target\":[\"https:\\\/\\\/maisondebacon.fr\\\/event-2\\\/\"]}]},{\"@type\":\"ImageObject\",\"inLanguage\":\"en-US\",\"@id\":\"https:\\\/\\\/maisondebacon.fr\\\/event-2\\\/#primaryimage\",\"url\":\"https:\\\/\\\/maisondebacon.fr\\\/wp-content\\\/uploads\\\/2024\\\/05\\\/Design-sans-titre-19.png\",\"contentUrl\":\"https:\\\/\\\/maisondebacon.fr\\\/wp-content\\\/uploads\\\/2024\\\/05\\\/Design-sans-titre-19.png\"},{\"@type\":\"BreadcrumbList\",\"@id\":\"https:\\\/\\\/maisondebacon.fr\\\/event-2\\\/#breadcrumb\",\"itemListElement\":[{\"@type\":\"ListItem\",\"position\":1,\"name\":\"Accueil\",\"item\":\"https:\\\/\\\/maisondebacon.fr\\\/\"},{\"@type\":\"ListItem\",\"position\":2,\"name\":\"Event\"}]},{\"@type\":\"WebSite\",\"@id\":\"https:\\\/\\\/maisondebacon.fr\\\/#website\",\"url\":\"https:\\\/\\\/maisondebacon.fr\\\/\",\"name\":\"La Maison de Bacon\",\"description\":\"Rendre votre exp\u00e9rience unique\",\"potentialAction\":[{\"@type\":\"SearchAction\",\"target\":{\"@type\":\"EntryPoint\",\"urlTemplate\":\"https:\\\/\\\/maisondebacon.fr\\\/?s={search_term_string}\"},\"query-input\":{\"@type\":\"PropertyValueSpecification\",\"valueRequired\":true,\"valueName\":\"search_term_string\"}}],\"inLanguage\":\"en-US\"}]}<\/script>\n<!-- \/ Yoast SEO plugin. -->","yoast_head_json":{"title":"Event - La Maison de Bacon","robots":{"index":"index","follow":"follow","max-snippet":"max-snippet:-1","max-image-preview":"max-image-preview:large","max-video-preview":"max-video-preview:-1"},"canonical":"https:\/\/maisondebacon.fr\/en\/event-2\/","og_locale":"en_US","og_type":"article","og_title":"Event - La Maison de Bacon","og_description":"Votre \u00c9v\u00e9nement \u00e0 la Maison de Bacon Je souhaite un devis Nos Univers RESTAURANT DE BACON L&rsquo;APPARTEMENT DE VICTOR ROOF TOP CLUB BACON VILLA LES ROCHES DE BACON Organisez votre \u00e9v\u00e9nement dans un cadre d&rsquo;exception Vous r\u00eavez d\u2019un \u00e9v\u00e9nement inoubliable [&hellip;]","og_url":"https:\/\/maisondebacon.fr\/en\/event-2\/","og_site_name":"La Maison de Bacon","article_modified_time":"2025-07-17T16:08:09+00:00","og_image":[{"width":750,"height":1000,"url":"https:\/\/maisondebacon.fr\/wp-content\/uploads\/2024\/05\/Design-sans-titre-19.png","type":"image\/png"}],"twitter_card":"summary_large_image","twitter_misc":{"Est. reading time":"2 minutes"},"schema":{"@context":"https:\/\/schema.org","@graph":[{"@type":"WebPage","@id":"https:\/\/maisondebacon.fr\/event-2\/","url":"https:\/\/maisondebacon.fr\/event-2\/","name":"Event - La Maison de Bacon","isPartOf":{"@id":"https:\/\/maisondebacon.fr\/#website"},"primaryImageOfPage":{"@id":"https:\/\/maisondebacon.fr\/event-2\/#primaryimage"},"image":{"@id":"https:\/\/maisondebacon.fr\/event-2\/#primaryimage"},"thumbnailUrl":"https:\/\/maisondebacon.fr\/wp-content\/uploads\/2024\/05\/Design-sans-titre-19.png","datePublished":"2025-06-10T09:48:42+00:00","dateModified":"2025-07-17T16:08:09+00:00","breadcrumb":{"@id":"https:\/\/maisondebacon.fr\/event-2\/#breadcrumb"},"inLanguage":"en-US","potentialAction":[{"@type":"ReadAction","target":["https:\/\/maisondebacon.fr\/event-2\/"]}]},{"@type":"ImageObject","inLanguage":"en-US","@id":"https:\/\/maisondebacon.fr\/event-2\/#primaryimage","url":"https:\/\/maisondebacon.fr\/wp-content\/uploads\/2024\/05\/Design-sans-titre-19.png","contentUrl":"https:\/\/maisondebacon.fr\/wp-content\/uploads\/2024\/05\/Design-sans-titre-19.png"},{"@type":"BreadcrumbList","@id":"https:\/\/maisondebacon.fr\/event-2\/#breadcrumb","itemListElement":[{"@type":"ListItem","position":1,"name":"Accueil","item":"https:\/\/maisondebacon.fr\/"},{"@type":"ListItem","position":2,"name":"Event"}]},{"@type":"WebSite","@id":"https:\/\/maisondebacon.fr\/#website","url":"https:\/\/maisondebacon.fr\/","name":"Bacon&#039;s House","description":"Rendre votre exp\u00e9rience unique","potentialAction":[{"@type":"SearchAction","target":{"@type":"EntryPoint","urlTemplate":"https:\/\/maisondebacon.fr\/?s={search_term_string}"},"query-input":{"@type":"PropertyValueSpecification","valueRequired":true,"valueName":"search_term_string"}}],"inLanguage":"en-US"}]}},"_links":{"self":[{"href":"https:\/\/maisondebacon.fr\/en\/wp-json\/wp\/v2\/pages\/109140","targetHints":{"allow":["GET"]}}],"collection":[{"href":"https:\/\/maisondebacon.fr\/en\/wp-json\/wp\/v2\/pages"}],"about":[{"href":"https:\/\/maisondebacon.fr\/en\/wp-json\/wp\/v2\/types\/page"}],"author":[{"embeddable":true,"href":"https:\/\/maisondebacon.fr\/en\/wp-json\/wp\/v2\/users\/1"}],"replies":[{"embeddable":true,"href":"https:\/\/maisondebacon.fr\/en\/wp-json\/wp\/v2\/comments?post=109140"}],"version-history":[{"count":5,"href":"https:\/\/maisondebacon.fr\/en\/wp-json\/wp\/v2\/pages\/109140\/revisions"}],"predecessor-version":[{"id":109510,"href":"https:\/\/maisondebacon.fr\/en\/wp-json\/wp\/v2\/pages\/109140\/revisions\/109510"}],"wp:attachment":[{"href":"https:\/\/maisondebacon.fr\/en\/wp-json\/wp\/v2\/media?parent=109140"}],"wp:term":[{"taxonomy":"category","embeddable":true,"href":"https:\/\/maisondebacon.fr\/en\/wp-json\/wp\/v2\/categories?post=109140"},{"taxonomy":"post_tag","embeddable":true,"href":"https:\/\/maisondebacon.fr\/en\/wp-json\/wp\/v2\/tags?post=109140"}],"curies":[{"name":"wp","href":"https:\/\/api.w.org\/{rel}","templated":true}]}}