{"id":109260,"date":"2025-06-17T16:33:28","date_gmt":"2025-06-17T14:33:28","guid":{"rendered":"https:\/\/maisondebacon.fr\/?page_id=109260"},"modified":"2025-07-17T18:22:59","modified_gmt":"2025-07-17T16:22:59","slug":"restaurant-de-bacon","status":"publish","type":"page","link":"https:\/\/maisondebacon.fr\/en\/restaurant-de-bacon\/","title":{"rendered":"Restaurant de Bacon"},"content":{"rendered":"\t\t<div data-elementor-type=\"wp-page\" data-elementor-id=\"109260\" class=\"elementor elementor-109260\" data-elementor-post-type=\"page\">\n\t\t\t\t<div class=\"elementor-element elementor-element-167c86ed e-con-full e-flex e-con e-parent\" data-id=\"167c86ed\" data-element_type=\"container\" data-e-type=\"container\" data-settings=\"{&quot;background_background&quot;:&quot;video&quot;,&quot;motion_fx_motion_fx_scrolling&quot;:&quot;yes&quot;,&quot;motion_fx_range&quot;:&quot;viewport&quot;,&quot;background_play_on_mobile&quot;:&quot;yes&quot;,&quot;motion_fx_devices&quot;:[&quot;desktop&quot;,&quot;tablet&quot;,&quot;mobile&quot;]}\">\n\t\t<div class=\"elementor-element elementor-element-57e6219 e-flex e-con-boxed e-con e-child\" data-id=\"57e6219\" data-element_type=\"container\" data-e-type=\"container\" data-settings=\"{&quot;background_background&quot;:&quot;classic&quot;}\">\n\t\t\t\t\t<div class=\"e-con-inner\">\n\t\t\t\t<div class=\"elementor-element elementor-element-2d2e0d79 elementor-widget elementor-widget-spacer\" data-id=\"2d2e0d79\" data-element_type=\"widget\" data-e-type=\"widget\" data-widget_type=\"spacer.default\">\n\t\t\t\t<div class=\"elementor-widget-container\">\n\t\t\t\t\t\t\t<div class=\"elementor-spacer\">\n\t\t\t<div class=\"elementor-spacer-inner\"><\/div>\n\t\t<\/div>\n\t\t\t\t\t\t<\/div>\n\t\t\t\t<\/div>\n\t\t\t\t<div class=\"elementor-element elementor-element-11022c82 elementor-widget elementor-widget-heading\" data-id=\"11022c82\" data-element_type=\"widget\" data-e-type=\"widget\" data-widget_type=\"heading.default\">\n\t\t\t\t<div class=\"elementor-widget-container\">\n\t\t\t\t\t<h1 class=\"elementor-heading-title elementor-size-default\">Restaurant de \nBacon<\/h1>\t\t\t\t<\/div>\n\t\t\t\t<\/div>\n\t\t\t\t<div class=\"elementor-element elementor-element-602aaea elementor-widget elementor-widget-html\" data-id=\"602aaea\" data-element_type=\"widget\" data-e-type=\"widget\" data-widget_type=\"html.default\">\n\t\t\t\t<div class=\"elementor-widget-container\">\n\t\t\t\t\t<a href=\"#\" class=\"bs-booking-button\" style=\"\n  display: inline-block;\n  background-color: #B69369;\n  color: white;\n  padding: 14px 32px;\n  font-size: 16px;\n  font-weight: 600;\n  border: none;\n  border-radius: 30px;\n  text-transform: uppercase;\n  text-decoration: none;\n  transition: transform 0.2s ease, box-shadow 0.2s ease;\n\">\n Demandez votre devis personnalis\u00e9\n<\/a>\n\t\t\t\t<\/div>\n\t\t\t\t<\/div>\n\t\t\t\t\t<\/div>\n\t\t\t\t<\/div>\n\t\t\t\t<\/div>\n\t\t<div class=\"elementor-element elementor-element-7bacf566 e-flex e-con-boxed e-con e-parent\" data-id=\"7bacf566\" data-element_type=\"container\" data-e-type=\"container\" data-settings=\"{&quot;background_background&quot;:&quot;classic&quot;}\">\n\t\t\t\t\t<div class=\"e-con-inner\">\n\t\t<div class=\"elementor-element elementor-element-4c1c904d e-con-full e-flex e-con e-child\" data-id=\"4c1c904d\" data-element_type=\"container\" data-e-type=\"container\" data-settings=\"{&quot;background_background&quot;:&quot;classic&quot;}\">\n\t\t\t\t<div class=\"elementor-element elementor-element-7b3343c3 elementor-widget elementor-widget-heading\" data-id=\"7b3343c3\" data-element_type=\"widget\" data-e-type=\"widget\" data-widget_type=\"heading.default\">\n\t\t\t\t<div class=\"elementor-widget-container\">\n\t\t\t\t\t<h3 class=\"elementor-heading-title elementor-size-default\">Une table mythique en bord de mer<\/h3>\t\t\t\t<\/div>\n\t\t\t\t<\/div>\n\t\t\t\t<div class=\"elementor-element elementor-element-1a58da65 elementor-widget elementor-widget-text-editor\" data-id=\"1a58da65\" data-element_type=\"widget\" data-e-type=\"widget\" data-widget_type=\"text-editor.default\">\n\t\t\t\t<div class=\"elementor-widget-container\">\n\t\t\t\t\t\t\t\t\t<p>Adresse embl\u00e9matique de la C\u00f4te d\u2019Azur, Le Restaurant de Bacon c\u00e9l\u00e8bre la M\u00e9diterran\u00e9e dans ce qu\u2019elle a de plus authentique et raffin\u00e9. Nich\u00e9 entre mer et pins, il offre une vue imprenable sur la mer tout en perp\u00e9tuant une tradition gastronomique fond\u00e9e sur la fra\u00eecheur, la simplicit\u00e9 et l\u2019excellence. Dans un d\u00e9cor \u00e9pur\u00e9 et lumineux, chaque plat met \u00e0 l\u2019honneur les produits de la mer, sublim\u00e9s par le savoir-faire de la maison.<\/p>\t\t\t\t\t\t\t\t<\/div>\n\t\t\t\t<\/div>\n\t\t\t\t<\/div>\n\t\t<div class=\"elementor-element elementor-element-6aceff82 e-con-full e-flex e-con e-child\" data-id=\"6aceff82\" data-element_type=\"container\" data-e-type=\"container\">\n\t\t\t\t<div class=\"elementor-element elementor-element-dd1fc3f elementor-widget elementor-widget-image\" data-id=\"dd1fc3f\" data-element_type=\"widget\" data-e-type=\"widget\" data-widget_type=\"image.default\">\n\t\t\t\t<div class=\"elementor-widget-container\">\n\t\t\t\t\t\t\t\t\t\t\t\t\t\t\t<img fetchpriority=\"high\" decoding=\"async\" width=\"1024\" height=\"1024\" src=\"https:\/\/maisondebacon.fr\/wp-content\/uploads\/2025\/06\/Maison-de-bacon-07-photo-G-Martinez-2-1x1-Copie-1024x1024.jpg\" class=\"attachment-large size-large wp-image-109264\" alt=\"\" srcset=\"https:\/\/maisondebacon.fr\/wp-content\/uploads\/2025\/06\/Maison-de-bacon-07-photo-G-Martinez-2-1x1-Copie-1024x1024.jpg 1024w, https:\/\/maisondebacon.fr\/wp-content\/uploads\/2025\/06\/Maison-de-bacon-07-photo-G-Martinez-2-1x1-Copie-300x300.jpg 300w, https:\/\/maisondebacon.fr\/wp-content\/uploads\/2025\/06\/Maison-de-bacon-07-photo-G-Martinez-2-1x1-Copie-150x150.jpg 150w, https:\/\/maisondebacon.fr\/wp-content\/uploads\/2025\/06\/Maison-de-bacon-07-photo-G-Martinez-2-1x1-Copie-768x768.jpg 768w, https:\/\/maisondebacon.fr\/wp-content\/uploads\/2025\/06\/Maison-de-bacon-07-photo-G-Martinez-2-1x1-Copie-1536x1536.jpg 1536w, https:\/\/maisondebacon.fr\/wp-content\/uploads\/2025\/06\/Maison-de-bacon-07-photo-G-Martinez-2-1x1-Copie-12x12.jpg 12w, https:\/\/maisondebacon.fr\/wp-content\/uploads\/2025\/06\/Maison-de-bacon-07-photo-G-Martinez-2-1x1-Copie-650x650.jpg 650w, https:\/\/maisondebacon.fr\/wp-content\/uploads\/2025\/06\/Maison-de-bacon-07-photo-G-Martinez-2-1x1-Copie-1300x1300.jpg 1300w, https:\/\/maisondebacon.fr\/wp-content\/uploads\/2025\/06\/Maison-de-bacon-07-photo-G-Martinez-2-1x1-Copie-600x600.jpg 600w, https:\/\/maisondebacon.fr\/wp-content\/uploads\/2025\/06\/Maison-de-bacon-07-photo-G-Martinez-2-1x1-Copie-100x100.jpg 100w\" sizes=\"(max-width: 1024px) 100vw, 1024px\" \/>\t\t\t\t\t\t\t\t\t\t\t\t\t\t\t<\/div>\n\t\t\t\t<\/div>\n\t\t\t\t<\/div>\n\t\t\t\t\t<\/div>\n\t\t\t\t<\/div>\n\t\t<div class=\"elementor-element elementor-element-2c2015a e-flex e-con-boxed e-con e-parent\" data-id=\"2c2015a\" data-element_type=\"container\" data-e-type=\"container\" data-settings=\"{&quot;background_background&quot;:&quot;classic&quot;}\">\n\t\t\t\t\t<div class=\"e-con-inner\">\n\t\t<div class=\"elementor-element elementor-element-d27da10 e-con-full e-flex e-con e-child\" data-id=\"d27da10\" data-element_type=\"container\" data-e-type=\"container\">\n\t\t\t\t<div class=\"elementor-element elementor-element-d7d9d1a elementor-widget elementor-widget-image\" data-id=\"d7d9d1a\" data-element_type=\"widget\" data-e-type=\"widget\" data-widget_type=\"image.default\">\n\t\t\t\t<div class=\"elementor-widget-container\">\n\t\t\t\t\t\t\t\t\t\t\t\t\t\t\t<img decoding=\"async\" width=\"1024\" height=\"1024\" src=\"https:\/\/maisondebacon.fr\/wp-content\/uploads\/2025\/06\/Maison-de-bacon-07-photo-G-Martinez-25-1x1-1-1024x1024.jpg\" class=\"attachment-large size-large wp-image-109265\" alt=\"\" srcset=\"https:\/\/maisondebacon.fr\/wp-content\/uploads\/2025\/06\/Maison-de-bacon-07-photo-G-Martinez-25-1x1-1-1024x1024.jpg 1024w, https:\/\/maisondebacon.fr\/wp-content\/uploads\/2025\/06\/Maison-de-bacon-07-photo-G-Martinez-25-1x1-1-300x300.jpg 300w, https:\/\/maisondebacon.fr\/wp-content\/uploads\/2025\/06\/Maison-de-bacon-07-photo-G-Martinez-25-1x1-1-150x150.jpg 150w, https:\/\/maisondebacon.fr\/wp-content\/uploads\/2025\/06\/Maison-de-bacon-07-photo-G-Martinez-25-1x1-1-768x768.jpg 768w, https:\/\/maisondebacon.fr\/wp-content\/uploads\/2025\/06\/Maison-de-bacon-07-photo-G-Martinez-25-1x1-1-1536x1536.jpg 1536w, https:\/\/maisondebacon.fr\/wp-content\/uploads\/2025\/06\/Maison-de-bacon-07-photo-G-Martinez-25-1x1-1-12x12.jpg 12w, https:\/\/maisondebacon.fr\/wp-content\/uploads\/2025\/06\/Maison-de-bacon-07-photo-G-Martinez-25-1x1-1-650x650.jpg 650w, https:\/\/maisondebacon.fr\/wp-content\/uploads\/2025\/06\/Maison-de-bacon-07-photo-G-Martinez-25-1x1-1-1300x1300.jpg 1300w, https:\/\/maisondebacon.fr\/wp-content\/uploads\/2025\/06\/Maison-de-bacon-07-photo-G-Martinez-25-1x1-1-600x600.jpg 600w, https:\/\/maisondebacon.fr\/wp-content\/uploads\/2025\/06\/Maison-de-bacon-07-photo-G-Martinez-25-1x1-1-100x100.jpg 100w\" sizes=\"(max-width: 1024px) 100vw, 1024px\" \/>\t\t\t\t\t\t\t\t\t\t\t\t\t\t\t<\/div>\n\t\t\t\t<\/div>\n\t\t\t\t<\/div>\n\t\t<div class=\"elementor-element elementor-element-8a9cb2a e-con-full e-flex e-con e-child\" data-id=\"8a9cb2a\" data-element_type=\"container\" data-e-type=\"container\" data-settings=\"{&quot;background_background&quot;:&quot;classic&quot;}\">\n\t\t\t\t<div class=\"elementor-element elementor-element-88b1c7f elementor-widget elementor-widget-heading\" data-id=\"88b1c7f\" data-element_type=\"widget\" data-e-type=\"widget\" data-widget_type=\"heading.default\">\n\t\t\t\t<div class=\"elementor-widget-container\">\n\t\t\t\t\t<h3 class=\"elementor-heading-title elementor-size-default\">L\u2019esprit Bacon, entre h\u00e9ritage et renouveau<\/h3>\t\t\t\t<\/div>\n\t\t\t\t<\/div>\n\t\t\t\t<div class=\"elementor-element elementor-element-da0ea9b elementor-widget elementor-widget-text-editor\" data-id=\"da0ea9b\" data-element_type=\"widget\" data-e-type=\"widget\" data-widget_type=\"text-editor.default\">\n\t\t\t\t<div class=\"elementor-widget-container\">\n\t\t\t\t\t\t\t\t\t<p>Fid\u00e8le \u00e0 son histoire tout en regardant vers l\u2019avenir, le Restaurant de Bacon cultive un esprit d\u2019\u00e9l\u00e9gance intemporelle. Sa cuisine, \u00e0 la fois g\u00e9n\u00e9reuse et pr\u00e9cise, raconte une passion pour le terroir m\u00e9diterran\u00e9en, port\u00e9e par une \u00e9quipe engag\u00e9e et cr\u00e9ative. Que ce soit pour un d\u00e9jeuner face aux flots ou un d\u00eener d\u2019exception, l\u2019exp\u00e9rience Maison de Bacon se vit comme un moment suspendu, entre tradition culinaire et art de vivre \u00e0 la fran\u00e7aise.<\/p>\t\t\t\t\t\t\t\t<\/div>\n\t\t\t\t<\/div>\n\t\t\t\t<\/div>\n\t\t\t\t\t<\/div>\n\t\t\t\t<\/div>\n\t\t<div class=\"elementor-element elementor-element-6737379 e-grid e-con-boxed e-con e-parent\" data-id=\"6737379\" data-element_type=\"container\" data-e-type=\"container\">\n\t\t\t\t\t<div class=\"e-con-inner\">\n\t\t\t\t<div class=\"elementor-element elementor-element-a83a376 elementor-align-center elementor-widget elementor-widget-button\" data-id=\"a83a376\" data-element_type=\"widget\" data-e-type=\"widget\" data-widget_type=\"button.default\">\n\t\t\t\t<div class=\"elementor-widget-container\">\n\t\t\t\t\t\t\t\t\t<div class=\"elementor-button-wrapper\">\n\t\t\t\t\t<a class=\"elementor-button elementor-button-link elementor-size-sm\" href=\"https:\/\/maisondebacon.fr\/lappartement-de-victor\/\">\n\t\t\t\t\t\t<span class=\"elementor-button-content-wrapper\">\n\t\t\t\t\t\t\t\t\t<span class=\"elementor-button-text\">APPARTEMENT VICTOR<\/span>\n\t\t\t\t\t<\/span>\n\t\t\t\t\t<\/a>\n\t\t\t\t<\/div>\n\t\t\t\t\t\t\t\t<\/div>\n\t\t\t\t<\/div>\n\t\t\t\t<div class=\"elementor-element elementor-element-f08d984 elementor-align-center elementor-widget elementor-widget-button\" data-id=\"f08d984\" data-element_type=\"widget\" data-e-type=\"widget\" data-widget_type=\"button.default\">\n\t\t\t\t<div class=\"elementor-widget-container\">\n\t\t\t\t\t\t\t\t\t<div class=\"elementor-button-wrapper\">\n\t\t\t\t\t<a class=\"elementor-button elementor-button-link elementor-size-sm\" href=\"https:\/\/maisondebacon.fr\/le-rooftop-club-bacon\/\">\n\t\t\t\t\t\t<span class=\"elementor-button-content-wrapper\">\n\t\t\t\t\t\t\t\t\t<span class=\"elementor-button-text\">LE ROOF TOP<\/span>\n\t\t\t\t\t<\/span>\n\t\t\t\t\t<\/a>\n\t\t\t\t<\/div>\n\t\t\t\t\t\t\t\t<\/div>\n\t\t\t\t<\/div>\n\t\t\t\t<div class=\"elementor-element elementor-element-6fedd53 elementor-align-center elementor-widget elementor-widget-button\" data-id=\"6fedd53\" data-element_type=\"widget\" data-e-type=\"widget\" data-widget_type=\"button.default\">\n\t\t\t\t<div class=\"elementor-widget-container\">\n\t\t\t\t\t\t\t\t\t<div class=\"elementor-button-wrapper\">\n\t\t\t\t\t<a class=\"elementor-button elementor-button-link elementor-size-sm\" href=\"https:\/\/maisondebacon.fr\/villa-les-roches-de-bacon\/\">\n\t\t\t\t\t\t<span class=\"elementor-button-content-wrapper\">\n\t\t\t\t\t\t\t\t\t<span class=\"elementor-button-text\">VILLA LES ROCHES DE BACON<\/span>\n\t\t\t\t\t<\/span>\n\t\t\t\t\t<\/a>\n\t\t\t\t<\/div>\n\t\t\t\t\t\t\t\t<\/div>\n\t\t\t\t<\/div>\n\t\t\t\t\t<\/div>\n\t\t\t\t<\/div>\n\t\t<div class=\"elementor-element elementor-element-5b74ef6 e-flex e-con-boxed e-con e-parent\" data-id=\"5b74ef6\" data-element_type=\"container\" data-e-type=\"container\">\n\t\t\t\t\t<div class=\"e-con-inner\">\n\t\t\t\t<div class=\"elementor-element elementor-element-81a0a04 elementor-widget elementor-widget-html\" data-id=\"81a0a04\" data-element_type=\"widget\" data-e-type=\"widget\" data-widget_type=\"html.default\">\n\t\t\t\t<div class=\"elementor-widget-container\">\n\t\t\t\t\t<a href=\"#\" class=\"bs-booking-button\" style=\"\n  display: inline-block;\n  background-color: #B69369;\n  color: white;\n  padding: 14px 32px;\n  font-size: 16px;\n  font-weight: 600;\n  border: none;\n  border-radius: 30px;\n  text-transform: uppercase;\n  text-decoration: none;\n  transition: transform 0.2s ease, box-shadow 0.2s ease;\n\">\n Demandez votre devis personnalis\u00e9\n<\/a>\n\t\t\t\t<\/div>\n\t\t\t\t<\/div>\n\t\t\t\t\t<\/div>\n\t\t\t\t<\/div>\n\t\t\t\t<\/div>\n\t\t","protected":false},"excerpt":{"rendered":"<p>Restaurant de Bacon Demandez votre devis personnalis\u00e9 Une table mythique en bord de mer Adresse embl\u00e9matique de la C\u00f4te d\u2019Azur, Le Restaurant de Bacon c\u00e9l\u00e8bre la M\u00e9diterran\u00e9e dans ce qu\u2019elle a de plus authentique et raffin\u00e9. Nich\u00e9 entre mer et [&hellip;]<\/p>\n","protected":false},"author":1,"featured_media":0,"parent":0,"menu_order":0,"comment_status":"closed","ping_status":"closed","template":"elementor_header_footer","meta":{"footnotes":""},"categories":[204],"tags":[],"class_list":["post-109260","page","type-page","status-publish","hentry","category-event"],"yoast_head":"<!-- This site is optimized with the Yoast SEO plugin v27.5 - https:\/\/yoast.com\/product\/yoast-seo-wordpress\/ -->\n<title>Restaurant de Bacon - La Maison de Bacon<\/title>\n<meta name=\"robots\" content=\"index, follow, max-snippet:-1, max-image-preview:large, max-video-preview:-1\" \/>\n<link rel=\"canonical\" href=\"https:\/\/maisondebacon.fr\/en\/restaurant-de-bacon\/\" \/>\n<meta property=\"og:locale\" content=\"en_US\" \/>\n<meta property=\"og:type\" content=\"article\" \/>\n<meta property=\"og:title\" content=\"Restaurant de Bacon - La Maison de Bacon\" \/>\n<meta property=\"og:description\" content=\"Restaurant de Bacon Demandez votre devis personnalis\u00e9 Une table mythique en bord de mer Adresse embl\u00e9matique de la C\u00f4te d\u2019Azur, Le Restaurant de Bacon c\u00e9l\u00e8bre la M\u00e9diterran\u00e9e dans ce qu\u2019elle a de plus authentique et raffin\u00e9. Nich\u00e9 entre mer et [&hellip;]\" \/>\n<meta property=\"og:url\" content=\"https:\/\/maisondebacon.fr\/en\/restaurant-de-bacon\/\" \/>\n<meta property=\"og:site_name\" content=\"La Maison de Bacon\" \/>\n<meta property=\"article:modified_time\" content=\"2025-07-17T16:22:59+00:00\" \/>\n<meta property=\"og:image\" content=\"https:\/\/maisondebacon.fr\/wp-content\/uploads\/2025\/06\/Maison-de-bacon-07-photo-G-Martinez-2-1x1-Copie.jpg\" \/>\n\t<meta property=\"og:image:width\" content=\"2229\" \/>\n\t<meta property=\"og:image:height\" content=\"2229\" \/>\n\t<meta property=\"og:image:type\" content=\"image\/jpeg\" \/>\n<meta name=\"twitter:card\" content=\"summary_large_image\" \/>\n<meta name=\"twitter:label1\" content=\"Est. reading time\" \/>\n\t<meta name=\"twitter:data1\" content=\"2 minutes\" \/>\n<script type=\"application\/ld+json\" class=\"yoast-schema-graph\">{\"@context\":\"https:\\\/\\\/schema.org\",\"@graph\":[{\"@type\":\"WebPage\",\"@id\":\"https:\\\/\\\/maisondebacon.fr\\\/restaurant-de-bacon\\\/\",\"url\":\"https:\\\/\\\/maisondebacon.fr\\\/restaurant-de-bacon\\\/\",\"name\":\"Restaurant de Bacon - La Maison de Bacon\",\"isPartOf\":{\"@id\":\"https:\\\/\\\/maisondebacon.fr\\\/#website\"},\"primaryImageOfPage\":{\"@id\":\"https:\\\/\\\/maisondebacon.fr\\\/restaurant-de-bacon\\\/#primaryimage\"},\"image\":{\"@id\":\"https:\\\/\\\/maisondebacon.fr\\\/restaurant-de-bacon\\\/#primaryimage\"},\"thumbnailUrl\":\"https:\\\/\\\/maisondebacon.fr\\\/wp-content\\\/uploads\\\/2025\\\/06\\\/Maison-de-bacon-07-photo-G-Martinez-2-1x1-Copie-1024x1024.jpg\",\"datePublished\":\"2025-06-17T14:33:28+00:00\",\"dateModified\":\"2025-07-17T16:22:59+00:00\",\"breadcrumb\":{\"@id\":\"https:\\\/\\\/maisondebacon.fr\\\/restaurant-de-bacon\\\/#breadcrumb\"},\"inLanguage\":\"en-US\",\"potentialAction\":[{\"@type\":\"ReadAction\",\"target\":[\"https:\\\/\\\/maisondebacon.fr\\\/restaurant-de-bacon\\\/\"]}]},{\"@type\":\"ImageObject\",\"inLanguage\":\"en-US\",\"@id\":\"https:\\\/\\\/maisondebacon.fr\\\/restaurant-de-bacon\\\/#primaryimage\",\"url\":\"https:\\\/\\\/maisondebacon.fr\\\/wp-content\\\/uploads\\\/2025\\\/06\\\/Maison-de-bacon-07-photo-G-Martinez-2-1x1-Copie-1024x1024.jpg\",\"contentUrl\":\"https:\\\/\\\/maisondebacon.fr\\\/wp-content\\\/uploads\\\/2025\\\/06\\\/Maison-de-bacon-07-photo-G-Martinez-2-1x1-Copie-1024x1024.jpg\"},{\"@type\":\"BreadcrumbList\",\"@id\":\"https:\\\/\\\/maisondebacon.fr\\\/restaurant-de-bacon\\\/#breadcrumb\",\"itemListElement\":[{\"@type\":\"ListItem\",\"position\":1,\"name\":\"Accueil\",\"item\":\"https:\\\/\\\/maisondebacon.fr\\\/\"},{\"@type\":\"ListItem\",\"position\":2,\"name\":\"Restaurant de Bacon\"}]},{\"@type\":\"WebSite\",\"@id\":\"https:\\\/\\\/maisondebacon.fr\\\/#website\",\"url\":\"https:\\\/\\\/maisondebacon.fr\\\/\",\"name\":\"La Maison de Bacon\",\"description\":\"Rendre votre exp\u00e9rience unique\",\"potentialAction\":[{\"@type\":\"SearchAction\",\"target\":{\"@type\":\"EntryPoint\",\"urlTemplate\":\"https:\\\/\\\/maisondebacon.fr\\\/?s={search_term_string}\"},\"query-input\":{\"@type\":\"PropertyValueSpecification\",\"valueRequired\":true,\"valueName\":\"search_term_string\"}}],\"inLanguage\":\"en-US\"}]}<\/script>\n<!-- \/ Yoast SEO plugin. -->","yoast_head_json":{"title":"Restaurant de Bacon - La Maison de Bacon","robots":{"index":"index","follow":"follow","max-snippet":"max-snippet:-1","max-image-preview":"max-image-preview:large","max-video-preview":"max-video-preview:-1"},"canonical":"https:\/\/maisondebacon.fr\/en\/restaurant-de-bacon\/","og_locale":"en_US","og_type":"article","og_title":"Restaurant de Bacon - La Maison de Bacon","og_description":"Restaurant de Bacon Demandez votre devis personnalis\u00e9 Une table mythique en bord de mer Adresse embl\u00e9matique de la C\u00f4te d\u2019Azur, Le Restaurant de Bacon c\u00e9l\u00e8bre la M\u00e9diterran\u00e9e dans ce qu\u2019elle a de plus authentique et raffin\u00e9. Nich\u00e9 entre mer et [&hellip;]","og_url":"https:\/\/maisondebacon.fr\/en\/restaurant-de-bacon\/","og_site_name":"La Maison de Bacon","article_modified_time":"2025-07-17T16:22:59+00:00","og_image":[{"width":2229,"height":2229,"url":"https:\/\/maisondebacon.fr\/wp-content\/uploads\/2025\/06\/Maison-de-bacon-07-photo-G-Martinez-2-1x1-Copie.jpg","type":"image\/jpeg"}],"twitter_card":"summary_large_image","twitter_misc":{"Est. reading time":"2 minutes"},"schema":{"@context":"https:\/\/schema.org","@graph":[{"@type":"WebPage","@id":"https:\/\/maisondebacon.fr\/restaurant-de-bacon\/","url":"https:\/\/maisondebacon.fr\/restaurant-de-bacon\/","name":"Restaurant de Bacon - La Maison de Bacon","isPartOf":{"@id":"https:\/\/maisondebacon.fr\/#website"},"primaryImageOfPage":{"@id":"https:\/\/maisondebacon.fr\/restaurant-de-bacon\/#primaryimage"},"image":{"@id":"https:\/\/maisondebacon.fr\/restaurant-de-bacon\/#primaryimage"},"thumbnailUrl":"https:\/\/maisondebacon.fr\/wp-content\/uploads\/2025\/06\/Maison-de-bacon-07-photo-G-Martinez-2-1x1-Copie-1024x1024.jpg","datePublished":"2025-06-17T14:33:28+00:00","dateModified":"2025-07-17T16:22:59+00:00","breadcrumb":{"@id":"https:\/\/maisondebacon.fr\/restaurant-de-bacon\/#breadcrumb"},"inLanguage":"en-US","potentialAction":[{"@type":"ReadAction","target":["https:\/\/maisondebacon.fr\/restaurant-de-bacon\/"]}]},{"@type":"ImageObject","inLanguage":"en-US","@id":"https:\/\/maisondebacon.fr\/restaurant-de-bacon\/#primaryimage","url":"https:\/\/maisondebacon.fr\/wp-content\/uploads\/2025\/06\/Maison-de-bacon-07-photo-G-Martinez-2-1x1-Copie-1024x1024.jpg","contentUrl":"https:\/\/maisondebacon.fr\/wp-content\/uploads\/2025\/06\/Maison-de-bacon-07-photo-G-Martinez-2-1x1-Copie-1024x1024.jpg"},{"@type":"BreadcrumbList","@id":"https:\/\/maisondebacon.fr\/restaurant-de-bacon\/#breadcrumb","itemListElement":[{"@type":"ListItem","position":1,"name":"Accueil","item":"https:\/\/maisondebacon.fr\/"},{"@type":"ListItem","position":2,"name":"Restaurant de Bacon"}]},{"@type":"WebSite","@id":"https:\/\/maisondebacon.fr\/#website","url":"https:\/\/maisondebacon.fr\/","name":"Bacon&#039;s House","description":"Rendre votre exp\u00e9rience unique","potentialAction":[{"@type":"SearchAction","target":{"@type":"EntryPoint","urlTemplate":"https:\/\/maisondebacon.fr\/?s={search_term_string}"},"query-input":{"@type":"PropertyValueSpecification","valueRequired":true,"valueName":"search_term_string"}}],"inLanguage":"en-US"}]}},"_links":{"self":[{"href":"https:\/\/maisondebacon.fr\/en\/wp-json\/wp\/v2\/pages\/109260","targetHints":{"allow":["GET"]}}],"collection":[{"href":"https:\/\/maisondebacon.fr\/en\/wp-json\/wp\/v2\/pages"}],"about":[{"href":"https:\/\/maisondebacon.fr\/en\/wp-json\/wp\/v2\/types\/page"}],"author":[{"embeddable":true,"href":"https:\/\/maisondebacon.fr\/en\/wp-json\/wp\/v2\/users\/1"}],"replies":[{"embeddable":true,"href":"https:\/\/maisondebacon.fr\/en\/wp-json\/wp\/v2\/comments?post=109260"}],"version-history":[{"count":5,"href":"https:\/\/maisondebacon.fr\/en\/wp-json\/wp\/v2\/pages\/109260\/revisions"}],"predecessor-version":[{"id":109520,"href":"https:\/\/maisondebacon.fr\/en\/wp-json\/wp\/v2\/pages\/109260\/revisions\/109520"}],"wp:attachment":[{"href":"https:\/\/maisondebacon.fr\/en\/wp-json\/wp\/v2\/media?parent=109260"}],"wp:term":[{"taxonomy":"category","embeddable":true,"href":"https:\/\/maisondebacon.fr\/en\/wp-json\/wp\/v2\/categories?post=109260"},{"taxonomy":"post_tag","embeddable":true,"href":"https:\/\/maisondebacon.fr\/en\/wp-json\/wp\/v2\/tags?post=109260"}],"curies":[{"name":"wp","href":"https:\/\/api.w.org\/{rel}","templated":true}]}}