{"id":109283,"date":"2025-06-17T16:45:31","date_gmt":"2025-06-17T14:45:31","guid":{"rendered":"https:\/\/maisondebacon.fr\/?page_id=109283"},"modified":"2025-07-17T18:36:22","modified_gmt":"2025-07-17T16:36:22","slug":"le-rooftop-club-bacon","status":"publish","type":"page","link":"https:\/\/maisondebacon.fr\/en\/le-rooftop-club-bacon\/","title":{"rendered":"Le Rooftop Club Bacon"},"content":{"rendered":"\t\t<div data-elementor-type=\"wp-page\" data-elementor-id=\"109283\" class=\"elementor elementor-109283\" data-elementor-post-type=\"page\">\n\t\t\t\t<div class=\"elementor-element elementor-element-167c86ed e-con-full e-flex e-con e-parent\" data-id=\"167c86ed\" data-element_type=\"container\" data-e-type=\"container\" data-settings=\"{&quot;background_background&quot;:&quot;video&quot;,&quot;motion_fx_motion_fx_scrolling&quot;:&quot;yes&quot;,&quot;motion_fx_range&quot;:&quot;viewport&quot;,&quot;background_play_on_mobile&quot;:&quot;yes&quot;,&quot;motion_fx_devices&quot;:[&quot;desktop&quot;,&quot;tablet&quot;,&quot;mobile&quot;]}\">\n\t\t<div class=\"elementor-element elementor-element-57e6219 e-flex e-con-boxed e-con e-child\" data-id=\"57e6219\" data-element_type=\"container\" data-e-type=\"container\" data-settings=\"{&quot;background_background&quot;:&quot;classic&quot;}\">\n\t\t\t\t\t<div class=\"e-con-inner\">\n\t\t\t\t<div class=\"elementor-element elementor-element-2d2e0d79 elementor-widget elementor-widget-spacer\" data-id=\"2d2e0d79\" data-element_type=\"widget\" data-e-type=\"widget\" data-widget_type=\"spacer.default\">\n\t\t\t\t<div class=\"elementor-widget-container\">\n\t\t\t\t\t\t\t<div class=\"elementor-spacer\">\n\t\t\t<div class=\"elementor-spacer-inner\"><\/div>\n\t\t<\/div>\n\t\t\t\t\t\t<\/div>\n\t\t\t\t<\/div>\n\t\t\t\t<div class=\"elementor-element elementor-element-11022c82 elementor-widget elementor-widget-heading\" data-id=\"11022c82\" data-element_type=\"widget\" data-e-type=\"widget\" data-widget_type=\"heading.default\">\n\t\t\t\t<div class=\"elementor-widget-container\">\n\t\t\t\t\t<h1 class=\"elementor-heading-title elementor-size-default\">Le Roof top<\/h1>\t\t\t\t<\/div>\n\t\t\t\t<\/div>\n\t\t\t\t<div class=\"elementor-element elementor-element-602aaea elementor-widget elementor-widget-html\" data-id=\"602aaea\" data-element_type=\"widget\" data-e-type=\"widget\" data-widget_type=\"html.default\">\n\t\t\t\t<div class=\"elementor-widget-container\">\n\t\t\t\t\t<a href=\"#\" class=\"bs-booking-button\" style=\"\n  display: inline-block;\n  background-color: #B69369;\n  color: white;\n  padding: 14px 32px;\n  font-size: 16px;\n  font-weight: 600;\n  border: none;\n  border-radius: 30px;\n  text-transform: uppercase;\n  text-decoration: none;\n  transition: transform 0.2s ease, box-shadow 0.2s ease;\n\">\n Demandez votre devis personnalis\u00e9\n<\/a>\n\t\t\t\t<\/div>\n\t\t\t\t<\/div>\n\t\t\t\t\t<\/div>\n\t\t\t\t<\/div>\n\t\t\t\t<\/div>\n\t\t<div class=\"elementor-element elementor-element-7bacf566 e-flex e-con-boxed e-con e-parent\" data-id=\"7bacf566\" data-element_type=\"container\" data-e-type=\"container\" data-settings=\"{&quot;background_background&quot;:&quot;classic&quot;}\">\n\t\t\t\t\t<div class=\"e-con-inner\">\n\t\t<div class=\"elementor-element elementor-element-4c1c904d e-con-full e-flex e-con e-child\" data-id=\"4c1c904d\" data-element_type=\"container\" data-e-type=\"container\" data-settings=\"{&quot;background_background&quot;:&quot;classic&quot;}\">\n\t\t\t\t<div class=\"elementor-element elementor-element-7b3343c3 elementor-widget elementor-widget-heading\" data-id=\"7b3343c3\" data-element_type=\"widget\" data-e-type=\"widget\" data-widget_type=\"heading.default\">\n\t\t\t\t<div class=\"elementor-widget-container\">\n\t\t\t\t\t<h3 class=\"elementor-heading-title elementor-size-default\">L\u2019esprit Riviera, en version panoramique<\/h3>\t\t\t\t<\/div>\n\t\t\t\t<\/div>\n\t\t\t\t<div class=\"elementor-element elementor-element-1a58da65 elementor-widget elementor-widget-text-editor\" data-id=\"1a58da65\" data-element_type=\"widget\" data-e-type=\"widget\" data-widget_type=\"text-editor.default\">\n\t\t\t\t<div class=\"elementor-widget-container\">\n\t\t\t\t\t\t\t\t\t<p>Perch\u00e9 au sommet du Restaurant de Bacon, le Rooftop Club Bacon offre une vue spectaculaire \u00e0 180\u00b0 sur la M\u00e9diterran\u00e9e. Ce lieu ouvert sur le ciel incarne l\u2019\u00e2me festive et solaire de la C\u00f4te d\u2019Azur, entre \u00e9l\u00e9gance d\u00e9contract\u00e9e et \u00e9nergie raffin\u00e9e. C\u2019est l\u2019adresse id\u00e9ale pour des \u00e9v\u00e9nements en plein air : cocktails au coucher du soleil, soir\u00e9es priv\u00e9es, afterworks ou c\u00e9l\u00e9brations exclusives.<\/p><p>\u00a0<\/p>\t\t\t\t\t\t\t\t<\/div>\n\t\t\t\t<\/div>\n\t\t\t\t<\/div>\n\t\t<div class=\"elementor-element elementor-element-6aceff82 e-con-full e-flex e-con e-child\" data-id=\"6aceff82\" data-element_type=\"container\" data-e-type=\"container\">\n\t\t\t\t<div class=\"elementor-element elementor-element-dd1fc3f elementor-widget elementor-widget-image\" data-id=\"dd1fc3f\" data-element_type=\"widget\" data-e-type=\"widget\" data-widget_type=\"image.default\">\n\t\t\t\t<div class=\"elementor-widget-container\">\n\t\t\t\t\t\t\t\t\t\t\t\t\t\t\t<img fetchpriority=\"high\" decoding=\"async\" width=\"1024\" height=\"768\" src=\"https:\/\/maisondebacon.fr\/wp-content\/uploads\/2025\/07\/IMG_5355-1024x768.jpg\" class=\"attachment-large size-large wp-image-109529\" alt=\"\" srcset=\"https:\/\/maisondebacon.fr\/wp-content\/uploads\/2025\/07\/IMG_5355-1024x768.jpg 1024w, https:\/\/maisondebacon.fr\/wp-content\/uploads\/2025\/07\/IMG_5355-300x225.jpg 300w, https:\/\/maisondebacon.fr\/wp-content\/uploads\/2025\/07\/IMG_5355-768x576.jpg 768w, https:\/\/maisondebacon.fr\/wp-content\/uploads\/2025\/07\/IMG_5355-1536x1152.jpg 1536w, https:\/\/maisondebacon.fr\/wp-content\/uploads\/2025\/07\/IMG_5355-16x12.jpg 16w, https:\/\/maisondebacon.fr\/wp-content\/uploads\/2025\/07\/IMG_5355-600x450.jpg 600w\" sizes=\"(max-width: 1024px) 100vw, 1024px\" \/>\t\t\t\t\t\t\t\t\t\t\t\t\t\t\t<\/div>\n\t\t\t\t<\/div>\n\t\t\t\t<\/div>\n\t\t\t\t\t<\/div>\n\t\t\t\t<\/div>\n\t\t<div class=\"elementor-element elementor-element-2c2015a e-flex e-con-boxed e-con e-parent\" data-id=\"2c2015a\" data-element_type=\"container\" data-e-type=\"container\" data-settings=\"{&quot;background_background&quot;:&quot;classic&quot;}\">\n\t\t\t\t\t<div class=\"e-con-inner\">\n\t\t<div class=\"elementor-element elementor-element-d27da10 e-con-full e-flex e-con e-child\" data-id=\"d27da10\" data-element_type=\"container\" data-e-type=\"container\">\n\t\t\t\t<div class=\"elementor-element elementor-element-d7d9d1a elementor-widget elementor-widget-image\" data-id=\"d7d9d1a\" data-element_type=\"widget\" data-e-type=\"widget\" data-widget_type=\"image.default\">\n\t\t\t\t<div class=\"elementor-widget-container\">\n\t\t\t\t\t\t\t\t\t\t\t\t\t\t\t<img decoding=\"async\" width=\"1024\" height=\"788\" src=\"https:\/\/maisondebacon.fr\/wp-content\/uploads\/2025\/07\/IMG_5396-1024x788.jpg\" class=\"attachment-large size-large wp-image-109530\" alt=\"\" srcset=\"https:\/\/maisondebacon.fr\/wp-content\/uploads\/2025\/07\/IMG_5396-1024x788.jpg 1024w, https:\/\/maisondebacon.fr\/wp-content\/uploads\/2025\/07\/IMG_5396-300x231.jpg 300w, https:\/\/maisondebacon.fr\/wp-content\/uploads\/2025\/07\/IMG_5396-768x591.jpg 768w, https:\/\/maisondebacon.fr\/wp-content\/uploads\/2025\/07\/IMG_5396-1536x1182.jpg 1536w, https:\/\/maisondebacon.fr\/wp-content\/uploads\/2025\/07\/IMG_5396-16x12.jpg 16w, https:\/\/maisondebacon.fr\/wp-content\/uploads\/2025\/07\/IMG_5396-600x462.jpg 600w\" sizes=\"(max-width: 1024px) 100vw, 1024px\" \/>\t\t\t\t\t\t\t\t\t\t\t\t\t\t\t<\/div>\n\t\t\t\t<\/div>\n\t\t\t\t<\/div>\n\t\t<div class=\"elementor-element elementor-element-8a9cb2a e-con-full e-flex e-con e-child\" data-id=\"8a9cb2a\" data-element_type=\"container\" data-e-type=\"container\" data-settings=\"{&quot;background_background&quot;:&quot;classic&quot;}\">\n\t\t\t\t<div class=\"elementor-element elementor-element-88b1c7f elementor-widget elementor-widget-heading\" data-id=\"88b1c7f\" data-element_type=\"widget\" data-e-type=\"widget\" data-widget_type=\"heading.default\">\n\t\t\t\t<div class=\"elementor-widget-container\">\n\t\t\t\t\t<h3 class=\"elementor-heading-title elementor-size-default\">Un lieu vivant, au rythme de vos envies<\/h3>\t\t\t\t<\/div>\n\t\t\t\t<\/div>\n\t\t\t\t<div class=\"elementor-element elementor-element-da0ea9b elementor-widget elementor-widget-text-editor\" data-id=\"da0ea9b\" data-element_type=\"widget\" data-e-type=\"widget\" data-widget_type=\"text-editor.default\">\n\t\t\t\t<div class=\"elementor-widget-container\">\n\t\t\t\t\t\t\t\t\t<p>Dot\u00e9 d\u2019un bar signature, d\u2019espaces lounge et d\u2019une ambiance musicale sur mesure, le Rooftop se pr\u00eate \u00e0 des formats vari\u00e9s, dans une atmosph\u00e8re r\u00e9solument contemporaine. Modulable et privatisable, il conjugue vue imprenable, service attentif et atmosph\u00e8re unique. Un terrain de jeu sophistiqu\u00e9 pour imaginer des \u00e9v\u00e9nements \u00e0 la fois festifs et m\u00e9morables.<\/p>\t\t\t\t\t\t\t\t<\/div>\n\t\t\t\t<\/div>\n\t\t\t\t<\/div>\n\t\t\t\t\t<\/div>\n\t\t\t\t<\/div>\n\t\t<div class=\"elementor-element elementor-element-f7acabe e-grid e-con-boxed e-con e-parent\" data-id=\"f7acabe\" data-element_type=\"container\" data-e-type=\"container\">\n\t\t\t\t\t<div class=\"e-con-inner\">\n\t\t\t\t<div class=\"elementor-element elementor-element-33d5e13 elementor-align-center elementor-widget elementor-widget-button\" data-id=\"33d5e13\" data-element_type=\"widget\" data-e-type=\"widget\" data-widget_type=\"button.default\">\n\t\t\t\t<div class=\"elementor-widget-container\">\n\t\t\t\t\t\t\t\t\t<div class=\"elementor-button-wrapper\">\n\t\t\t\t\t<a class=\"elementor-button elementor-button-link elementor-size-sm\" href=\"https:\/\/maisondebacon.fr\/lappartement-de-victor\/\">\n\t\t\t\t\t\t<span class=\"elementor-button-content-wrapper\">\n\t\t\t\t\t\t\t\t\t<span class=\"elementor-button-text\">APPARTEMENT VICTOR<\/span>\n\t\t\t\t\t<\/span>\n\t\t\t\t\t<\/a>\n\t\t\t\t<\/div>\n\t\t\t\t\t\t\t\t<\/div>\n\t\t\t\t<\/div>\n\t\t\t\t<div class=\"elementor-element elementor-element-8162768 elementor-align-center elementor-widget elementor-widget-button\" data-id=\"8162768\" data-element_type=\"widget\" data-e-type=\"widget\" data-widget_type=\"button.default\">\n\t\t\t\t<div class=\"elementor-widget-container\">\n\t\t\t\t\t\t\t\t\t<div class=\"elementor-button-wrapper\">\n\t\t\t\t\t<a class=\"elementor-button elementor-button-link elementor-size-sm\" href=\"https:\/\/maisondebacon.fr\/restaurant\/\">\n\t\t\t\t\t\t<span class=\"elementor-button-content-wrapper\">\n\t\t\t\t\t\t\t\t\t<span class=\"elementor-button-text\">RESTAURANT<\/span>\n\t\t\t\t\t<\/span>\n\t\t\t\t\t<\/a>\n\t\t\t\t<\/div>\n\t\t\t\t\t\t\t\t<\/div>\n\t\t\t\t<\/div>\n\t\t\t\t<div class=\"elementor-element elementor-element-37c8710 elementor-align-center elementor-widget elementor-widget-button\" data-id=\"37c8710\" data-element_type=\"widget\" data-e-type=\"widget\" data-widget_type=\"button.default\">\n\t\t\t\t<div class=\"elementor-widget-container\">\n\t\t\t\t\t\t\t\t\t<div class=\"elementor-button-wrapper\">\n\t\t\t\t\t<a class=\"elementor-button elementor-button-link elementor-size-sm\" href=\"https:\/\/maisondebacon.fr\/villa-les-roches-de-bacon\/\">\n\t\t\t\t\t\t<span class=\"elementor-button-content-wrapper\">\n\t\t\t\t\t\t\t\t\t<span class=\"elementor-button-text\">VILLA LES ROCHES DE BACON<\/span>\n\t\t\t\t\t<\/span>\n\t\t\t\t\t<\/a>\n\t\t\t\t<\/div>\n\t\t\t\t\t\t\t\t<\/div>\n\t\t\t\t<\/div>\n\t\t\t\t\t<\/div>\n\t\t\t\t<\/div>\n\t\t<div class=\"elementor-element elementor-element-5b74ef6 e-flex e-con-boxed e-con e-parent\" data-id=\"5b74ef6\" data-element_type=\"container\" data-e-type=\"container\">\n\t\t\t\t\t<div class=\"e-con-inner\">\n\t\t\t\t<div class=\"elementor-element elementor-element-81a0a04 elementor-widget elementor-widget-html\" data-id=\"81a0a04\" data-element_type=\"widget\" data-e-type=\"widget\" data-widget_type=\"html.default\">\n\t\t\t\t<div class=\"elementor-widget-container\">\n\t\t\t\t\t<a href=\"#\" class=\"bs-booking-button\" style=\"\n  display: inline-block;\n  background-color: #B69369;\n  color: white;\n  padding: 14px 32px;\n  font-size: 16px;\n  font-weight: 600;\n  border: none;\n  border-radius: 30px;\n  text-transform: uppercase;\n  text-decoration: none;\n  transition: transform 0.2s ease, box-shadow 0.2s ease;\n\">\n Demandez votre devis personnalis\u00e9\n<\/a>\n\t\t\t\t<\/div>\n\t\t\t\t<\/div>\n\t\t\t\t\t<\/div>\n\t\t\t\t<\/div>\n\t\t\t\t<\/div>\n\t\t","protected":false},"excerpt":{"rendered":"<p>Le Roof top Demandez votre devis personnalis\u00e9 L\u2019esprit Riviera, en version panoramique Perch\u00e9 au sommet du Restaurant de Bacon, le Rooftop Club Bacon offre une vue spectaculaire \u00e0 180\u00b0 sur la M\u00e9diterran\u00e9e. Ce lieu ouvert sur le ciel incarne l\u2019\u00e2me [&hellip;]<\/p>\n","protected":false},"author":1,"featured_media":0,"parent":0,"menu_order":0,"comment_status":"closed","ping_status":"closed","template":"elementor_header_footer","meta":{"footnotes":""},"categories":[204],"tags":[],"class_list":["post-109283","page","type-page","status-publish","hentry","category-event"],"yoast_head":"<!-- This site is optimized with the Yoast SEO plugin v27.4 - https:\/\/yoast.com\/product\/yoast-seo-wordpress\/ -->\n<title>Le Rooftop Club Bacon - La Maison de Bacon<\/title>\n<meta name=\"robots\" content=\"index, follow, max-snippet:-1, max-image-preview:large, max-video-preview:-1\" \/>\n<link rel=\"canonical\" href=\"https:\/\/maisondebacon.fr\/en\/le-rooftop-club-bacon\/\" \/>\n<meta property=\"og:locale\" content=\"en_US\" \/>\n<meta property=\"og:type\" content=\"article\" \/>\n<meta property=\"og:title\" content=\"Le Rooftop Club Bacon - La Maison de Bacon\" \/>\n<meta property=\"og:description\" content=\"Le Roof top Demandez votre devis personnalis\u00e9 L\u2019esprit Riviera, en version panoramique Perch\u00e9 au sommet du Restaurant de Bacon, le Rooftop Club Bacon offre une vue spectaculaire \u00e0 180\u00b0 sur la M\u00e9diterran\u00e9e. Ce lieu ouvert sur le ciel incarne l\u2019\u00e2me [&hellip;]\" \/>\n<meta property=\"og:url\" content=\"https:\/\/maisondebacon.fr\/en\/le-rooftop-club-bacon\/\" \/>\n<meta property=\"og:site_name\" content=\"La Maison de Bacon\" \/>\n<meta property=\"article:modified_time\" content=\"2025-07-17T16:36:22+00:00\" \/>\n<meta property=\"og:image\" content=\"https:\/\/maisondebacon.fr\/wp-content\/uploads\/2025\/07\/IMG_5355.jpg\" \/>\n\t<meta property=\"og:image:width\" content=\"2048\" \/>\n\t<meta property=\"og:image:height\" content=\"1536\" \/>\n\t<meta property=\"og:image:type\" content=\"image\/jpeg\" \/>\n<meta name=\"twitter:card\" content=\"summary_large_image\" \/>\n<meta name=\"twitter:label1\" content=\"Est. reading time\" \/>\n\t<meta name=\"twitter:data1\" content=\"2 minutes\" \/>\n<script type=\"application\/ld+json\" class=\"yoast-schema-graph\">{\"@context\":\"https:\\\/\\\/schema.org\",\"@graph\":[{\"@type\":\"WebPage\",\"@id\":\"https:\\\/\\\/maisondebacon.fr\\\/le-rooftop-club-bacon\\\/\",\"url\":\"https:\\\/\\\/maisondebacon.fr\\\/le-rooftop-club-bacon\\\/\",\"name\":\"Le Rooftop Club Bacon - La Maison de Bacon\",\"isPartOf\":{\"@id\":\"https:\\\/\\\/maisondebacon.fr\\\/#website\"},\"primaryImageOfPage\":{\"@id\":\"https:\\\/\\\/maisondebacon.fr\\\/le-rooftop-club-bacon\\\/#primaryimage\"},\"image\":{\"@id\":\"https:\\\/\\\/maisondebacon.fr\\\/le-rooftop-club-bacon\\\/#primaryimage\"},\"thumbnailUrl\":\"https:\\\/\\\/maisondebacon.fr\\\/wp-content\\\/uploads\\\/2025\\\/07\\\/IMG_5355-1024x768.jpg\",\"datePublished\":\"2025-06-17T14:45:31+00:00\",\"dateModified\":\"2025-07-17T16:36:22+00:00\",\"breadcrumb\":{\"@id\":\"https:\\\/\\\/maisondebacon.fr\\\/le-rooftop-club-bacon\\\/#breadcrumb\"},\"inLanguage\":\"en-US\",\"potentialAction\":[{\"@type\":\"ReadAction\",\"target\":[\"https:\\\/\\\/maisondebacon.fr\\\/le-rooftop-club-bacon\\\/\"]}]},{\"@type\":\"ImageObject\",\"inLanguage\":\"en-US\",\"@id\":\"https:\\\/\\\/maisondebacon.fr\\\/le-rooftop-club-bacon\\\/#primaryimage\",\"url\":\"https:\\\/\\\/maisondebacon.fr\\\/wp-content\\\/uploads\\\/2025\\\/07\\\/IMG_5355-1024x768.jpg\",\"contentUrl\":\"https:\\\/\\\/maisondebacon.fr\\\/wp-content\\\/uploads\\\/2025\\\/07\\\/IMG_5355-1024x768.jpg\"},{\"@type\":\"BreadcrumbList\",\"@id\":\"https:\\\/\\\/maisondebacon.fr\\\/le-rooftop-club-bacon\\\/#breadcrumb\",\"itemListElement\":[{\"@type\":\"ListItem\",\"position\":1,\"name\":\"Accueil\",\"item\":\"https:\\\/\\\/maisondebacon.fr\\\/\"},{\"@type\":\"ListItem\",\"position\":2,\"name\":\"Le Rooftop Club Bacon\"}]},{\"@type\":\"WebSite\",\"@id\":\"https:\\\/\\\/maisondebacon.fr\\\/#website\",\"url\":\"https:\\\/\\\/maisondebacon.fr\\\/\",\"name\":\"La Maison de Bacon\",\"description\":\"Rendre votre exp\u00e9rience unique\",\"potentialAction\":[{\"@type\":\"SearchAction\",\"target\":{\"@type\":\"EntryPoint\",\"urlTemplate\":\"https:\\\/\\\/maisondebacon.fr\\\/?s={search_term_string}\"},\"query-input\":{\"@type\":\"PropertyValueSpecification\",\"valueRequired\":true,\"valueName\":\"search_term_string\"}}],\"inLanguage\":\"en-US\"}]}<\/script>\n<!-- \/ Yoast SEO plugin. -->","yoast_head_json":{"title":"Le Rooftop Club Bacon - La Maison de Bacon","robots":{"index":"index","follow":"follow","max-snippet":"max-snippet:-1","max-image-preview":"max-image-preview:large","max-video-preview":"max-video-preview:-1"},"canonical":"https:\/\/maisondebacon.fr\/en\/le-rooftop-club-bacon\/","og_locale":"en_US","og_type":"article","og_title":"Le Rooftop Club Bacon - La Maison de Bacon","og_description":"Le Roof top Demandez votre devis personnalis\u00e9 L\u2019esprit Riviera, en version panoramique Perch\u00e9 au sommet du Restaurant de Bacon, le Rooftop Club Bacon offre une vue spectaculaire \u00e0 180\u00b0 sur la M\u00e9diterran\u00e9e. Ce lieu ouvert sur le ciel incarne l\u2019\u00e2me [&hellip;]","og_url":"https:\/\/maisondebacon.fr\/en\/le-rooftop-club-bacon\/","og_site_name":"La Maison de Bacon","article_modified_time":"2025-07-17T16:36:22+00:00","og_image":[{"width":2048,"height":1536,"url":"https:\/\/maisondebacon.fr\/wp-content\/uploads\/2025\/07\/IMG_5355.jpg","type":"image\/jpeg"}],"twitter_card":"summary_large_image","twitter_misc":{"Est. reading time":"2 minutes"},"schema":{"@context":"https:\/\/schema.org","@graph":[{"@type":"WebPage","@id":"https:\/\/maisondebacon.fr\/le-rooftop-club-bacon\/","url":"https:\/\/maisondebacon.fr\/le-rooftop-club-bacon\/","name":"Le Rooftop Club Bacon - La Maison de Bacon","isPartOf":{"@id":"https:\/\/maisondebacon.fr\/#website"},"primaryImageOfPage":{"@id":"https:\/\/maisondebacon.fr\/le-rooftop-club-bacon\/#primaryimage"},"image":{"@id":"https:\/\/maisondebacon.fr\/le-rooftop-club-bacon\/#primaryimage"},"thumbnailUrl":"https:\/\/maisondebacon.fr\/wp-content\/uploads\/2025\/07\/IMG_5355-1024x768.jpg","datePublished":"2025-06-17T14:45:31+00:00","dateModified":"2025-07-17T16:36:22+00:00","breadcrumb":{"@id":"https:\/\/maisondebacon.fr\/le-rooftop-club-bacon\/#breadcrumb"},"inLanguage":"en-US","potentialAction":[{"@type":"ReadAction","target":["https:\/\/maisondebacon.fr\/le-rooftop-club-bacon\/"]}]},{"@type":"ImageObject","inLanguage":"en-US","@id":"https:\/\/maisondebacon.fr\/le-rooftop-club-bacon\/#primaryimage","url":"https:\/\/maisondebacon.fr\/wp-content\/uploads\/2025\/07\/IMG_5355-1024x768.jpg","contentUrl":"https:\/\/maisondebacon.fr\/wp-content\/uploads\/2025\/07\/IMG_5355-1024x768.jpg"},{"@type":"BreadcrumbList","@id":"https:\/\/maisondebacon.fr\/le-rooftop-club-bacon\/#breadcrumb","itemListElement":[{"@type":"ListItem","position":1,"name":"Accueil","item":"https:\/\/maisondebacon.fr\/"},{"@type":"ListItem","position":2,"name":"Le Rooftop Club Bacon"}]},{"@type":"WebSite","@id":"https:\/\/maisondebacon.fr\/#website","url":"https:\/\/maisondebacon.fr\/","name":"Bacon&#039;s House","description":"Rendre votre exp\u00e9rience unique","potentialAction":[{"@type":"SearchAction","target":{"@type":"EntryPoint","urlTemplate":"https:\/\/maisondebacon.fr\/?s={search_term_string}"},"query-input":{"@type":"PropertyValueSpecification","valueRequired":true,"valueName":"search_term_string"}}],"inLanguage":"en-US"}]}},"_links":{"self":[{"href":"https:\/\/maisondebacon.fr\/en\/wp-json\/wp\/v2\/pages\/109283","targetHints":{"allow":["GET"]}}],"collection":[{"href":"https:\/\/maisondebacon.fr\/en\/wp-json\/wp\/v2\/pages"}],"about":[{"href":"https:\/\/maisondebacon.fr\/en\/wp-json\/wp\/v2\/types\/page"}],"author":[{"embeddable":true,"href":"https:\/\/maisondebacon.fr\/en\/wp-json\/wp\/v2\/users\/1"}],"replies":[{"embeddable":true,"href":"https:\/\/maisondebacon.fr\/en\/wp-json\/wp\/v2\/comments?post=109283"}],"version-history":[{"count":5,"href":"https:\/\/maisondebacon.fr\/en\/wp-json\/wp\/v2\/pages\/109283\/revisions"}],"predecessor-version":[{"id":109533,"href":"https:\/\/maisondebacon.fr\/en\/wp-json\/wp\/v2\/pages\/109283\/revisions\/109533"}],"wp:attachment":[{"href":"https:\/\/maisondebacon.fr\/en\/wp-json\/wp\/v2\/media?parent=109283"}],"wp:term":[{"taxonomy":"category","embeddable":true,"href":"https:\/\/maisondebacon.fr\/en\/wp-json\/wp\/v2\/categories?post=109283"},{"taxonomy":"post_tag","embeddable":true,"href":"https:\/\/maisondebacon.fr\/en\/wp-json\/wp\/v2\/tags?post=109283"}],"curies":[{"name":"wp","href":"https:\/\/api.w.org\/{rel}","templated":true}]}}