{"id":3,"date":"2022-02-15T12:59:28","date_gmt":"2022-02-15T11:59:28","guid":{"rendered":"http:\/\/maisondebacon.fr\/?page_id=3"},"modified":"2025-11-05T13:33:31","modified_gmt":"2025-11-05T12:33:31","slug":"mentions-legales","status":"publish","type":"page","link":"https:\/\/maisondebacon.fr\/en\/mentions-legales\/","title":{"rendered":"Mentions l\u00e9gales"},"content":{"rendered":"<p><span style=\"color: #000000;\"><\/span><\/p>\r\n<div class=\"row sqs-row\">\r\n<div class=\"col sqs-col-4 span-4\">\r\n<div id=\"block-02a4dd3cd9ed5244f052\" class=\"sqs-block html-block sqs-block-html\" data-block-type=\"2\">\r\n<div class=\"sqs-block-content\">\r\n<h3 class=\"wp-block-heading\"><span style=\"color: #000000;\"><strong>Mentions l\u00e9gales \u2013 Maison de Bacon<\/strong><\/span><\/h3>\r\n<hr \/>\r\n<h3><span style=\"color: #000000;\">Informations g\u00e9n\u00e9rales<\/span><\/h3>\r\n<p><span style=\"color: #000000;\"><strong>Nom du site :<\/strong> <a style=\"color: #000000;\" href=\"https:\/\/maisondebacon.fr\/en\/\">https:\/\/www.maisondebacon.fr<\/a><\/span><br \/><span style=\"color: #000000;\"><strong>Propri\u00e9taire \/ \u00c9diteur du site :<\/strong><\/span><br \/><span style=\"color: #000000;\">Maison de Bacon<\/span><br \/><span style=\"color: #000000;\"><strong>Soci\u00e9t\u00e9 :<\/strong> GOLOSO<\/span><br \/><span style=\"color: #000000;\"><strong>Nom commercial :<\/strong> Maison de Bacon<\/span><br \/><span style=\"color: #000000;\"><strong>Si\u00e8ge social :<\/strong> 664, Boulevard Bacon \u2013 06160 Cap d\u2019Antibes \u2013 France<\/span><br \/><span style=\"color: #000000;\"><strong>T\u00e9l. :<\/strong> +33 (0)4 93 61 50 02<\/span><br \/><span style=\"color: #000000;\"><strong>Email :<\/strong> <a style=\"color: #000000;\" href=\"mailto:contact@maisondebacon.fr\">contact@maisondebacon.fr<\/a><\/span><br \/><span style=\"color: #000000;\"><strong>SIRET :<\/strong> 819 071 754 00033<\/span><br \/><span style=\"color: #000000;\"><strong>RCS :<\/strong> Antibes B 819 071 754<\/span><br \/><span style=\"color: #000000;\"><strong>Num\u00e9ro de TVA intracommunautaire :<\/strong> FR 22 819071754<\/span><br \/><span style=\"color: #000000;\"><strong>Capital social :<\/strong> 9 000 \u20ac<\/span><br \/><span style=\"color: #000000;\"><strong>Directeur de la publication :<\/strong> Laurent Le Fur, Directeur G\u00e9n\u00e9ral<\/span><\/p>\r\n<hr \/>\r\n<h3><span style=\"color: #000000;\">H\u00e9bergeur du site<\/span><\/h3>\r\n<p><span style=\"color: #000000;\"><strong>OVH SAS<\/strong><\/span><br \/><span style=\"color: #000000;\">2 rue Kellermann \u2013 59100 Roubaix \u2013 France<\/span><br \/><span style=\"color: #000000;\">T\u00e9l. : 1007<\/span><br \/><span style=\"color: #000000;\">Site : <a style=\"color: #000000;\" href=\"https:\/\/www.ovh.com\/\">www.ovh.com<\/a><\/span><\/p>\r\n<hr \/>\r\n<h3><span style=\"color: #000000;\">Propri\u00e9t\u00e9 intellectuelle<\/span><\/h3>\r\n<p><span style=\"color: #000000;\">L\u2019ensemble du site <a style=\"color: #000000;\" href=\"https:\/\/maisondebacon.fr\/en\/\">www.maisondebacon.fr<\/a>, sa structure, ainsi que les textes, photographies, illustrations, logos, et \u00e9l\u00e9ments graphiques qu\u2019il contient, sont la propri\u00e9t\u00e9 exclusive de la Maison de Bacon ou font l\u2019objet d\u2019autorisations d\u2019utilisation.<\/span><\/p>\r\n<p><span style=\"color: #000000;\">Toute reproduction, repr\u00e9sentation, modification, publication, adaptation totale ou partielle de ces \u00e9l\u00e9ments, par quelque proc\u00e9d\u00e9 que ce soit, est interdite sans l\u2019accord \u00e9crit pr\u00e9alable de la Maison de Bacon.<\/span><\/p>\r\n<p><span style=\"color: #000000;\">Toute exploitation non autoris\u00e9e du site ou de l\u2019un de ses \u00e9l\u00e9ments sera consid\u00e9r\u00e9e comme constitutive d\u2019une contrefa\u00e7on et poursuivie conform\u00e9ment aux articles L.335-2 et suivants du Code de la Propri\u00e9t\u00e9 Intellectuelle.<\/span><\/p>\r\n<hr \/>\r\n<h3><span style=\"color: #000000;\">Donn\u00e9es personnelles (RGPD)<\/span><\/h3>\r\n<p><span style=\"color: #000000;\">Les informations collect\u00e9es via les formulaires du site sont destin\u00e9es exclusivement \u00e0 la Maison de Bacon pour le traitement des demandes, r\u00e9servations et communications commerciales.<\/span><br \/><span style=\"color: #000000;\">Elles ne sont en aucun cas transmises \u00e0 des tiers non autoris\u00e9s.<\/span><\/p>\r\n<p><span style=\"color: #000000;\">Conform\u00e9ment au R\u00e8glement (UE) 2016\/679 (RGPD) et \u00e0 la Loi Informatique et Libert\u00e9s modifi\u00e9e, vous disposez d\u2019un droit d\u2019acc\u00e8s, de rectification, d\u2019opposition, de portabilit\u00e9 et de suppression de vos donn\u00e9es personnelles.<\/span><\/p>\r\n<p><span style=\"color: #000000;\">Pour exercer vos droits, contactez-nous :<\/span><br \/><span style=\"color: #000000;\"><strong><a style=\"color: #000000;\" href=\"mailto:contact@maisondebacon.fr\">contact@maisondebacon.fr<\/a><\/strong><\/span><br \/><span style=\"color: #000000;\">ou par courrier \u00e0 :<\/span><br \/><span style=\"color: #000000;\">Maison de Bacon \u2013 664, Boulevard Bacon \u2013 06160 Cap d\u2019Antibes \u2013 France.<\/span><\/p>\r\n<p><span style=\"color: #000000;\">Un d\u00e9l\u00e9gu\u00e9 \u00e0 la protection des donn\u00e9es (DPO) pourra \u00eatre d\u00e9sign\u00e9 si n\u00e9cessaire.<\/span><\/p>\r\n<hr \/>\r\n<h3><span style=\"color: #000000;\">M\u00e9diation de la consommation<\/span><\/h3>\r\n<p><span style=\"color: #000000;\">Conform\u00e9ment \u00e0 l\u2019article L.612-1 du Code de la consommation, tout client a le droit de recourir gratuitement \u00e0 un m\u00e9diateur de la consommation en cas de litige non r\u00e9solu \u00e0 l\u2019amiable avec l\u2019\u00e9tablissement.<\/span><\/p>\r\n<p><span style=\"color: #000000;\"><strong>M\u00e9diation Tourisme et Voyage (MTV)<\/strong><\/span><br \/><span style=\"color: #000000;\">BP 80 303 \u2013 75823 Paris Cedex 17<\/span><br \/><span style=\"color: #000000;\">Site : <a style=\"color: #000000;\" href=\"https:\/\/www.mtv.travel\/\">https:\/\/www.mtv.travel<\/a><\/span><br \/><span style=\"color: #000000;\">Email : <a style=\"color: #000000;\" href=\"mailto:mediation@mtv.travel\">mediation@mtv.travel<\/a><\/span><\/p>\r\n<hr \/>\r\n<h3><span style=\"color: #000000;\">Cookies<\/span><\/h3>\r\n<p><span style=\"color: #000000;\">Le site utilise des cookies afin d\u2019am\u00e9liorer l\u2019exp\u00e9rience utilisateur et de mesurer l\u2019audience (Google Analytics ou \u00e9quivalent).<\/span><br \/><span style=\"color: #000000;\">L\u2019utilisateur peut refuser ou g\u00e9rer les cookies depuis le bandeau d\u2019information ou via les param\u00e8tres de son navigateur.<\/span><\/p>\r\n<hr \/>\r\n<h3><span style=\"color: #000000;\">Responsabilit\u00e9<\/span><\/h3>\r\n<p><span style=\"color: #000000;\">La Maison de Bacon s\u2019efforce d\u2019assurer l\u2019exactitude et la mise \u00e0 jour des informations publi\u00e9es sur le site.<\/span><br \/><span style=\"color: #000000;\">Cependant, elle ne saurait \u00eatre tenue responsable des erreurs, omissions ou d\u2019une indisponibilit\u00e9 temporaire du site.<\/span><\/p>\r\n<p><span style=\"color: #000000;\">La Maison de Bacon se r\u00e9serve le droit de modifier \u00e0 tout moment le contenu du site, sans pr\u00e9avis ni responsabilit\u00e9 quant aux cons\u00e9quences \u00e9ventuelles de ces modifications.<\/span><\/p>\r\n<hr \/>\r\n<p><span style=\"color: #000000;\">\u00a9 2025 Maison de Bacon \u2013 Tous droits r\u00e9serv\u00e9s.<\/span><\/p>\r\n<\/div>\r\n<\/div>\r\n<\/div>\r\n<\/div>\r\n<p><span style=\"color: #000000;\"><\/span><\/p>","protected":false},"excerpt":{"rendered":"<p>Mentions l\u00e9gales \u2013 Maison de Bacon Informations g\u00e9n\u00e9rales Nom du site : https:\/\/www.maisondebacon.frPropri\u00e9taire \/ \u00c9diteur du site :Maison de BaconSoci\u00e9t\u00e9 : GOLOSONom commercial : Maison de BaconSi\u00e8ge social : 664, Boulevard Bacon \u2013 06160 Cap d\u2019Antibes \u2013 FranceT\u00e9l. : +33 [&hellip;]<\/p>\n","protected":false},"author":1,"featured_media":0,"parent":0,"menu_order":0,"comment_status":"closed","ping_status":"open","template":"","meta":{"footnotes":""},"categories":[],"tags":[],"class_list":["post-3","page","type-page","status-publish","hentry"],"yoast_head":"<!-- This site is optimized with the Yoast SEO plugin v27.3 - https:\/\/yoast.com\/product\/yoast-seo-wordpress\/ -->\n<title>Mentions l\u00e9gales - La Maison de Bacon<\/title>\n<meta name=\"robots\" content=\"index, follow, max-snippet:-1, max-image-preview:large, max-video-preview:-1\" \/>\n<link rel=\"canonical\" href=\"https:\/\/maisondebacon.fr\/en\/mentions-legales\/\" \/>\n<meta property=\"og:locale\" content=\"en_US\" \/>\n<meta property=\"og:type\" content=\"article\" \/>\n<meta property=\"og:title\" content=\"Mentions l\u00e9gales - La Maison de Bacon\" \/>\n<meta property=\"og:description\" content=\"Mentions l\u00e9gales \u2013 Maison de Bacon Informations g\u00e9n\u00e9rales Nom du site : https:\/\/www.maisondebacon.frPropri\u00e9taire \/ \u00c9diteur du site :Maison de BaconSoci\u00e9t\u00e9 : GOLOSONom commercial : Maison de BaconSi\u00e8ge social : 664, Boulevard Bacon \u2013 06160 Cap d\u2019Antibes \u2013 FranceT\u00e9l. : +33 [&hellip;]\" \/>\n<meta property=\"og:url\" content=\"https:\/\/maisondebacon.fr\/en\/mentions-legales\/\" \/>\n<meta property=\"og:site_name\" content=\"La Maison de Bacon\" \/>\n<meta property=\"article:modified_time\" content=\"2025-11-05T12:33:31+00:00\" \/>\n<meta name=\"twitter:card\" content=\"summary_large_image\" \/>\n<meta name=\"twitter:label1\" content=\"Est. reading time\" \/>\n\t<meta name=\"twitter:data1\" content=\"3 minutes\" \/>\n<script type=\"application\/ld+json\" class=\"yoast-schema-graph\">{\"@context\":\"https:\\\/\\\/schema.org\",\"@graph\":[{\"@type\":\"WebPage\",\"@id\":\"https:\\\/\\\/maisondebacon.fr\\\/mentions-legales\\\/\",\"url\":\"https:\\\/\\\/maisondebacon.fr\\\/mentions-legales\\\/\",\"name\":\"Mentions l\u00e9gales - La Maison de Bacon\",\"isPartOf\":{\"@id\":\"https:\\\/\\\/maisondebacon.fr\\\/#website\"},\"datePublished\":\"2022-02-15T11:59:28+00:00\",\"dateModified\":\"2025-11-05T12:33:31+00:00\",\"breadcrumb\":{\"@id\":\"https:\\\/\\\/maisondebacon.fr\\\/mentions-legales\\\/#breadcrumb\"},\"inLanguage\":\"en-US\",\"potentialAction\":[{\"@type\":\"ReadAction\",\"target\":[\"https:\\\/\\\/maisondebacon.fr\\\/mentions-legales\\\/\"]}]},{\"@type\":\"BreadcrumbList\",\"@id\":\"https:\\\/\\\/maisondebacon.fr\\\/mentions-legales\\\/#breadcrumb\",\"itemListElement\":[{\"@type\":\"ListItem\",\"position\":1,\"name\":\"Accueil\",\"item\":\"https:\\\/\\\/maisondebacon.fr\\\/\"},{\"@type\":\"ListItem\",\"position\":2,\"name\":\"Mentions l\u00e9gales\"}]},{\"@type\":\"WebSite\",\"@id\":\"https:\\\/\\\/maisondebacon.fr\\\/#website\",\"url\":\"https:\\\/\\\/maisondebacon.fr\\\/\",\"name\":\"La Maison de Bacon\",\"description\":\"Rendre votre exp\u00e9rience unique\",\"potentialAction\":[{\"@type\":\"SearchAction\",\"target\":{\"@type\":\"EntryPoint\",\"urlTemplate\":\"https:\\\/\\\/maisondebacon.fr\\\/?s={search_term_string}\"},\"query-input\":{\"@type\":\"PropertyValueSpecification\",\"valueRequired\":true,\"valueName\":\"search_term_string\"}}],\"inLanguage\":\"en-US\"}]}<\/script>\n<!-- \/ Yoast SEO plugin. -->","yoast_head_json":{"title":"Mentions l\u00e9gales - La Maison de Bacon","robots":{"index":"index","follow":"follow","max-snippet":"max-snippet:-1","max-image-preview":"max-image-preview:large","max-video-preview":"max-video-preview:-1"},"canonical":"https:\/\/maisondebacon.fr\/en\/mentions-legales\/","og_locale":"en_US","og_type":"article","og_title":"Mentions l\u00e9gales - La Maison de Bacon","og_description":"Mentions l\u00e9gales \u2013 Maison de Bacon Informations g\u00e9n\u00e9rales Nom du site : https:\/\/www.maisondebacon.frPropri\u00e9taire \/ \u00c9diteur du site :Maison de BaconSoci\u00e9t\u00e9 : GOLOSONom commercial : Maison de BaconSi\u00e8ge social : 664, Boulevard Bacon \u2013 06160 Cap d\u2019Antibes \u2013 FranceT\u00e9l. : +33 [&hellip;]","og_url":"https:\/\/maisondebacon.fr\/en\/mentions-legales\/","og_site_name":"La Maison de Bacon","article_modified_time":"2025-11-05T12:33:31+00:00","twitter_card":"summary_large_image","twitter_misc":{"Est. reading time":"3 minutes"},"schema":{"@context":"https:\/\/schema.org","@graph":[{"@type":"WebPage","@id":"https:\/\/maisondebacon.fr\/mentions-legales\/","url":"https:\/\/maisondebacon.fr\/mentions-legales\/","name":"Mentions l\u00e9gales - La Maison de Bacon","isPartOf":{"@id":"https:\/\/maisondebacon.fr\/#website"},"datePublished":"2022-02-15T11:59:28+00:00","dateModified":"2025-11-05T12:33:31+00:00","breadcrumb":{"@id":"https:\/\/maisondebacon.fr\/mentions-legales\/#breadcrumb"},"inLanguage":"en-US","potentialAction":[{"@type":"ReadAction","target":["https:\/\/maisondebacon.fr\/mentions-legales\/"]}]},{"@type":"BreadcrumbList","@id":"https:\/\/maisondebacon.fr\/mentions-legales\/#breadcrumb","itemListElement":[{"@type":"ListItem","position":1,"name":"Accueil","item":"https:\/\/maisondebacon.fr\/"},{"@type":"ListItem","position":2,"name":"Mentions l\u00e9gales"}]},{"@type":"WebSite","@id":"https:\/\/maisondebacon.fr\/#website","url":"https:\/\/maisondebacon.fr\/","name":"Bacon&#039;s House","description":"Rendre votre exp\u00e9rience unique","potentialAction":[{"@type":"SearchAction","target":{"@type":"EntryPoint","urlTemplate":"https:\/\/maisondebacon.fr\/?s={search_term_string}"},"query-input":{"@type":"PropertyValueSpecification","valueRequired":true,"valueName":"search_term_string"}}],"inLanguage":"en-US"}]}},"_links":{"self":[{"href":"https:\/\/maisondebacon.fr\/en\/wp-json\/wp\/v2\/pages\/3","targetHints":{"allow":["GET"]}}],"collection":[{"href":"https:\/\/maisondebacon.fr\/en\/wp-json\/wp\/v2\/pages"}],"about":[{"href":"https:\/\/maisondebacon.fr\/en\/wp-json\/wp\/v2\/types\/page"}],"author":[{"embeddable":true,"href":"https:\/\/maisondebacon.fr\/en\/wp-json\/wp\/v2\/users\/1"}],"replies":[{"embeddable":true,"href":"https:\/\/maisondebacon.fr\/en\/wp-json\/wp\/v2\/comments?post=3"}],"version-history":[{"count":5,"href":"https:\/\/maisondebacon.fr\/en\/wp-json\/wp\/v2\/pages\/3\/revisions"}],"predecessor-version":[{"id":104516,"href":"https:\/\/maisondebacon.fr\/en\/wp-json\/wp\/v2\/pages\/3\/revisions\/104516"}],"wp:attachment":[{"href":"https:\/\/maisondebacon.fr\/en\/wp-json\/wp\/v2\/media?parent=3"}],"wp:term":[{"taxonomy":"category","embeddable":true,"href":"https:\/\/maisondebacon.fr\/en\/wp-json\/wp\/v2\/categories?post=3"},{"taxonomy":"post_tag","embeddable":true,"href":"https:\/\/maisondebacon.fr\/en\/wp-json\/wp\/v2\/tags?post=3"}],"curies":[{"name":"wp","href":"https:\/\/api.w.org\/{rel}","templated":true}]}}